{"id":2263,"date":"2024-08-02T00:01:53","date_gmt":"2024-08-02T00:01:53","guid":{"rendered":"https:\/\/masobebooks.com\/ng\/?post_type=product&#038;p=2263"},"modified":"2025-06-21T12:10:08","modified_gmt":"2025-06-21T12:10:08","slug":"someday-maybe","status":"publish","type":"product","link":"https:\/\/masobebooks.com\/ng\/book\/someday-maybe\/","title":{"rendered":"Someday, Maybe"},"content":{"rendered":"<p><b>\u201cIf you are someone who gravitates toward emotional gut punch reads,<\/b><\/p>\n<p><b>allow me to introduce you to this spectacular debut\u2026\u201d<\/b><\/p>\n<p><b>\u2014BuzzFeed<\/b><\/p>\n<p><span style=\"font-weight: 400;\">Here are three things you should know about my husband:<\/span><\/p>\n<ol>\n<li style=\"font-weight: 400;\" aria-level=\"1\"><span style=\"font-weight: 400;\">He was the great love of my life despite his penchant for going incommunicado.<\/span><\/li>\n<li style=\"font-weight: 400;\" aria-level=\"1\"><span style=\"font-weight: 400;\">He was, as far as I and everyone else could tell, perfectly happy. Which is significant because\u2026<\/span><\/li>\n<li style=\"font-weight: 400;\" aria-level=\"1\"><span style=\"font-weight: 400;\">On New Year\u2019s Eve, he died.<\/span><\/li>\n<\/ol>\n<p><span style=\"font-weight: 400;\">And here is one thing you should know about me:<\/span><\/p>\n<ol>\n<li style=\"font-weight: 400;\" aria-level=\"1\"><span style=\"font-weight: 400;\">I found him.<\/span><\/li>\n<\/ol>\n<p><span style=\"font-weight: 400;\">Bonus fact: No. I am not okay.<\/span><\/p>\n<p><b>Someday, Maybe<\/b><span style=\"font-weight: 400;\"> is a stunning, witty debut novel about a young woman\u2019s emotional journey through unimaginable loss, pulled along by her tight-knit Nigerian family, a posse of friends, and the love and laughter she shared with her husband.<\/span><\/p>\n<p><span style=\"font-weight: 400;\">\u201cIncisive and witty. I couldn\u2019t put it down.\u201d\u2014Lol\u00e1 \u00c1k\u00ednm\u00e1d\u00e9 \u00c5kerstr\u00f6m, internationally bestselling author of In Every Mirror She&#8217;s Black<\/span><\/p>\n<p><span style=\"font-weight: 400;\">\u201cA masterfully woven exposition on love and loss. Nwabineli is magic with words.\u201d\u2014Bolu Babalola, internationally bestselling author of Honey and Spice<\/span><\/p>\n<p><span style=\"font-weight: 400;\">Don&#8217;t miss Onyi Nwabineli&#8217;s next stunning page-turner, ALLOW ME TO INTRODUCE MYSELF, where a former kidfluencer must overcome her toxic family, reclaim her identity and, ultimately, find the freedom to be herself&#8230;<\/span><\/p>\n","protected":false},"excerpt":{"rendered":"<p><b>\u201cIf you are someone who gravitates toward emotional gut punch reads,<\/b><\/p>\n<p><b>allow me to introduce you to this spectacular debut\u2026\u201d<\/b><\/p>\n<p><b>\u2014BuzzFeed<\/b><\/p>\n<p><span style=\"font-weight: 400;\">Here are three things you should know about my husband:<\/span><\/p>\n<ol>\n<li style=\"font-weight: 400;\" aria-level=\"1\"><span style=\"font-weight: 400;\">He was the great love of my life despite his penchant for going incommunicado.<\/span><\/li>\n<li style=\"font-weight: 400;\" aria-level=\"1\"><span style=\"font-weight: 400;\">He was, as far as I and everyone else could tell, perfectly happy. Which is significant because\u2026<\/span><\/li>\n<li style=\"font-weight: 400;\" aria-level=\"1\"><span style=\"font-weight: 400;\">On New Year\u2019s Eve, he died.<\/span><\/li>\n<\/ol>\n<p><span style=\"font-weight: 400;\">And here is one thing you should know about me:<\/span><\/p>\n<ol>\n<li style=\"font-weight: 400;\" aria-level=\"1\"><span style=\"font-weight: 400;\">I found him.<\/span><\/li>\n<\/ol>\n<p><span style=\"font-weight: 400;\">Bonus fact: No. I am not okay.<\/span><\/p>\n<p><b>Someday, Maybe<\/b><span style=\"font-weight: 400;\"> is a stunning, witty debut novel about a young woman\u2019s emotional journey through unimaginable loss, pulled along by her tight-knit Nigerian family, a posse of friends, and the love and laughter she shared with her husband.<\/span><\/p>\n<p><span style=\"font-weight: 400;\">\u201cIncisive and witty. I couldn\u2019t put it down.\u201d\u2014Lol\u00e1 \u00c1k\u00ednm\u00e1d\u00e9 \u00c5kerstr\u00f6m, internationally bestselling author of In Every Mirror She&#8217;s Black<\/span><\/p>\n<p><span style=\"font-weight: 400;\">\u201cA masterfully woven exposition on love and loss. Nwabineli is magic with words.\u201d\u2014Bolu Babalola, internationally bestselling author of Honey and Spice<\/span><\/p>\n<p><span style=\"font-weight: 400;\">Don&#8217;t miss Onyi Nwabineli&#8217;s next stunning page-turner, ALLOW ME TO INTRODUCE MYSELF, where a former kidfluencer must overcome her toxic family, reclaim her identity and, ultimately, find the freedom to be herself&#8230;<\/span><\/p>\n","protected":false},"featured_media":2269,"comment_status":"open","ping_status":"closed","template":"","meta":{"_acf_changed":false,"inline_featured_image":false},"retailer":[],"product_brand":[],"product_cat":[347],"product_tag":[186,362,109,441],"class_list":{"0":"post-2263","1":"product","2":"type-product","3":"status-publish","4":"has-post-thumbnail","6":"product_cat-literary-fiction","7":"product_tag-black-women","8":"product_tag-grief","9":"product_tag-literary-fiction","10":"product_tag-onyi-nwabineli","11":"thb-post-share-style1","13":"first","14":"instock","15":"taxable","16":"shipping-taxable","17":"purchasable","18":"product-type-variable"},"acf":[],"yoast_head":"<!-- This site is optimized with the Yoast SEO Premium plugin v23.1 (Yoast SEO v26.1) - https:\/\/yoast.com\/wordpress\/plugins\/seo\/ -->\n<title>Someday, Maybe - Masobe Books<\/title>\n<meta name=\"robots\" content=\"index, follow, max-snippet:-1, max-image-preview:large, max-video-preview:-1\" \/>\n<link rel=\"canonical\" href=\"https:\/\/masobebooks.com\/ng\/book\/someday-maybe\/\" \/>\n<meta property=\"og:locale\" content=\"en_US\" \/>\n<meta property=\"og:type\" content=\"article\" \/>\n<meta property=\"og:title\" content=\"Someday, Maybe\" \/>\n<meta property=\"og:description\" content=\"\u201cIf you are someone who gravitates toward emotional gut punch reads,  allow me to introduce you to this spectacular debut\u2026\u201d  \u2014BuzzFeed  Here are three things you should know about my husband:   He was the great love of my life despite his penchant for going incommunicado.  He was, as far as I and everyone else could tell, perfectly happy. Which is significant because\u2026  On New Year\u2019s Eve, he died.  And here is one thing you should know about me:   I found him.  Bonus fact: No. I am not okay.  Someday, Maybe is a stunning, witty debut novel about a young woman\u2019s emotional journey through unimaginable loss, pulled along by her tight-knit Nigerian family, a posse of friends, and the love and laughter she shared with her husband.  \u201cIncisive and witty. I couldn\u2019t put it down.\u201d\u2014Lol\u00e1 \u00c1k\u00ednm\u00e1d\u00e9 \u00c5kerstr\u00f6m, internationally bestselling author of In Every Mirror She&#039;s Black  \u201cA masterfully woven exposition on love and loss. Nwabineli is magic with words.\u201d\u2014Bolu Babalola, internationally bestselling author of Honey and Spice  Don&#039;t miss Onyi Nwabineli&#039;s next stunning page-turner, ALLOW ME TO INTRODUCE MYSELF, where a former kidfluencer must overcome her toxic family, reclaim her identity and, ultimately, find the freedom to be herself...\" \/>\n<meta property=\"og:url\" content=\"https:\/\/masobebooks.com\/ng\/book\/someday-maybe\/\" \/>\n<meta property=\"og:site_name\" content=\"Masobe Books\" \/>\n<meta property=\"article:publisher\" content=\"https:\/\/www.facebook.com\/masobebooks\/\" \/>\n<meta property=\"article:modified_time\" content=\"2025-06-21T12:10:08+00:00\" \/>\n<meta property=\"og:image\" content=\"https:\/\/masobebooks.com\/ng\/wp-content\/uploads\/2024\/05\/Someday-Maybe.jpg\" \/>\n\t<meta property=\"og:image:width\" content=\"1026\" \/>\n\t<meta property=\"og:image:height\" content=\"1536\" \/>\n\t<meta property=\"og:image:type\" content=\"image\/jpeg\" \/>\n<meta name=\"twitter:card\" content=\"summary_large_image\" \/>\n<meta name=\"twitter:site\" content=\"@masobebooks\" \/>\n<meta name=\"twitter:label1\" content=\"Est. reading time\" \/>\n\t<meta name=\"twitter:data1\" content=\"2 minutes\" \/>\n<script type=\"application\/ld+json\" class=\"yoast-schema-graph\">{\"@context\":\"https:\/\/schema.org\",\"@graph\":[{\"@type\":\"WebPage\",\"@id\":\"https:\/\/masobebooks.com\/ng\/book\/someday-maybe\/\",\"url\":\"https:\/\/masobebooks.com\/ng\/book\/someday-maybe\/\",\"name\":\"Someday, Maybe - Masobe Books\",\"isPartOf\":{\"@id\":\"https:\/\/masobebooks.com\/ng\/#website\"},\"primaryImageOfPage\":{\"@id\":\"https:\/\/masobebooks.com\/ng\/book\/someday-maybe\/#primaryimage\"},\"image\":{\"@id\":\"https:\/\/masobebooks.com\/ng\/book\/someday-maybe\/#primaryimage\"},\"thumbnailUrl\":\"https:\/\/masobebooks.com\/ng\/wp-content\/uploads\/2024\/05\/Someday-Maybe.jpg\",\"datePublished\":\"2024-08-02T00:01:53+00:00\",\"dateModified\":\"2025-06-21T12:10:08+00:00\",\"breadcrumb\":{\"@id\":\"https:\/\/masobebooks.com\/ng\/book\/someday-maybe\/#breadcrumb\"},\"inLanguage\":\"en-US\",\"potentialAction\":[{\"@type\":\"ReadAction\",\"target\":[\"https:\/\/masobebooks.com\/ng\/book\/someday-maybe\/\"]}]},{\"@type\":\"ImageObject\",\"inLanguage\":\"en-US\",\"@id\":\"https:\/\/masobebooks.com\/ng\/book\/someday-maybe\/#primaryimage\",\"url\":\"https:\/\/masobebooks.com\/ng\/wp-content\/uploads\/2024\/05\/Someday-Maybe.jpg\",\"contentUrl\":\"https:\/\/masobebooks.com\/ng\/wp-content\/uploads\/2024\/05\/Someday-Maybe.jpg\",\"width\":1026,\"height\":1536},{\"@type\":\"BreadcrumbList\",\"@id\":\"https:\/\/masobebooks.com\/ng\/book\/someday-maybe\/#breadcrumb\",\"itemListElement\":[{\"@type\":\"ListItem\",\"position\":1,\"name\":\"Home\",\"item\":\"https:\/\/masobebooks.com\/ng\/\"},{\"@type\":\"ListItem\",\"position\":2,\"name\":\"Bookstore\",\"item\":\"https:\/\/masobebooks.com\/ng\/bookstore\/\"},{\"@type\":\"ListItem\",\"position\":3,\"name\":\"Someday, Maybe\"}]},{\"@type\":\"WebSite\",\"@id\":\"https:\/\/masobebooks.com\/ng\/#website\",\"url\":\"https:\/\/masobebooks.com\/ng\/\",\"name\":\"Masobe Books\",\"description\":\"Let Us Read\",\"publisher\":{\"@id\":\"https:\/\/masobebooks.com\/ng\/#organization\"},\"potentialAction\":[{\"@type\":\"SearchAction\",\"target\":{\"@type\":\"EntryPoint\",\"urlTemplate\":\"https:\/\/masobebooks.com\/ng\/?s={search_term_string}\"},\"query-input\":{\"@type\":\"PropertyValueSpecification\",\"valueRequired\":true,\"valueName\":\"search_term_string\"}}],\"inLanguage\":\"en-US\"},{\"@type\":\"Organization\",\"@id\":\"https:\/\/masobebooks.com\/ng\/#organization\",\"name\":\"Masobe Books\",\"url\":\"https:\/\/masobebooks.com\/ng\/\",\"logo\":{\"@type\":\"ImageObject\",\"inLanguage\":\"en-US\",\"@id\":\"https:\/\/masobebooks.com\/ng\/#\/schema\/logo\/image\/\",\"url\":\"https:\/\/masobebooks.com\/ng\/wp-content\/uploads\/2024\/07\/masobe_logo_green.svg\",\"contentUrl\":\"https:\/\/masobebooks.com\/ng\/wp-content\/uploads\/2024\/07\/masobe_logo_green.svg\",\"width\":729,\"height\":217,\"caption\":\"Masobe Books\"},\"image\":{\"@id\":\"https:\/\/masobebooks.com\/ng\/#\/schema\/logo\/image\/\"},\"sameAs\":[\"https:\/\/www.facebook.com\/masobebooks\/\",\"https:\/\/x.com\/masobebooks\",\"https:\/\/www.instagram.com\/masobebooksng\/\",\"https:\/\/www.linkedin.com\/in\/masobe-books-840046187\/\"]}]}<\/script>\n<!-- \/ Yoast SEO Premium plugin. -->","yoast_head_json":{"title":"Someday, Maybe - Masobe Books","robots":{"index":"index","follow":"follow","max-snippet":"max-snippet:-1","max-image-preview":"max-image-preview:large","max-video-preview":"max-video-preview:-1"},"canonical":"https:\/\/masobebooks.com\/ng\/book\/someday-maybe\/","og_locale":"en_US","og_type":"article","og_title":"Someday, Maybe","og_description":"\u201cIf you are someone who gravitates toward emotional gut punch reads,  allow me to introduce you to this spectacular debut\u2026\u201d  \u2014BuzzFeed  Here are three things you should know about my husband:   He was the great love of my life despite his penchant for going incommunicado.  He was, as far as I and everyone else could tell, perfectly happy. Which is significant because\u2026  On New Year\u2019s Eve, he died.  And here is one thing you should know about me:   I found him.  Bonus fact: No. I am not okay.  Someday, Maybe is a stunning, witty debut novel about a young woman\u2019s emotional journey through unimaginable loss, pulled along by her tight-knit Nigerian family, a posse of friends, and the love and laughter she shared with her husband.  \u201cIncisive and witty. I couldn\u2019t put it down.\u201d\u2014Lol\u00e1 \u00c1k\u00ednm\u00e1d\u00e9 \u00c5kerstr\u00f6m, internationally bestselling author of In Every Mirror She's Black  \u201cA masterfully woven exposition on love and loss. Nwabineli is magic with words.\u201d\u2014Bolu Babalola, internationally bestselling author of Honey and Spice  Don't miss Onyi Nwabineli's next stunning page-turner, ALLOW ME TO INTRODUCE MYSELF, where a former kidfluencer must overcome her toxic family, reclaim her identity and, ultimately, find the freedom to be herself...","og_url":"https:\/\/masobebooks.com\/ng\/book\/someday-maybe\/","og_site_name":"Masobe Books","article_publisher":"https:\/\/www.facebook.com\/masobebooks\/","article_modified_time":"2025-06-21T12:10:08+00:00","og_image":[{"width":1026,"height":1536,"url":"https:\/\/masobebooks.com\/ng\/wp-content\/uploads\/2024\/05\/Someday-Maybe.jpg","type":"image\/jpeg"}],"twitter_card":"summary_large_image","twitter_site":"@masobebooks","twitter_misc":{"Est. reading time":"2 minutes"},"schema":{"@context":"https:\/\/schema.org","@graph":[{"@type":"WebPage","@id":"https:\/\/masobebooks.com\/ng\/book\/someday-maybe\/","url":"https:\/\/masobebooks.com\/ng\/book\/someday-maybe\/","name":"Someday, Maybe - Masobe Books","isPartOf":{"@id":"https:\/\/masobebooks.com\/ng\/#website"},"primaryImageOfPage":{"@id":"https:\/\/masobebooks.com\/ng\/book\/someday-maybe\/#primaryimage"},"image":{"@id":"https:\/\/masobebooks.com\/ng\/book\/someday-maybe\/#primaryimage"},"thumbnailUrl":"https:\/\/masobebooks.com\/ng\/wp-content\/uploads\/2024\/05\/Someday-Maybe.jpg","datePublished":"2024-08-02T00:01:53+00:00","dateModified":"2025-06-21T12:10:08+00:00","breadcrumb":{"@id":"https:\/\/masobebooks.com\/ng\/book\/someday-maybe\/#breadcrumb"},"inLanguage":"en-US","potentialAction":[{"@type":"ReadAction","target":["https:\/\/masobebooks.com\/ng\/book\/someday-maybe\/"]}]},{"@type":"ImageObject","inLanguage":"en-US","@id":"https:\/\/masobebooks.com\/ng\/book\/someday-maybe\/#primaryimage","url":"https:\/\/masobebooks.com\/ng\/wp-content\/uploads\/2024\/05\/Someday-Maybe.jpg","contentUrl":"https:\/\/masobebooks.com\/ng\/wp-content\/uploads\/2024\/05\/Someday-Maybe.jpg","width":1026,"height":1536},{"@type":"BreadcrumbList","@id":"https:\/\/masobebooks.com\/ng\/book\/someday-maybe\/#breadcrumb","itemListElement":[{"@type":"ListItem","position":1,"name":"Home","item":"https:\/\/masobebooks.com\/ng\/"},{"@type":"ListItem","position":2,"name":"Bookstore","item":"https:\/\/masobebooks.com\/ng\/bookstore\/"},{"@type":"ListItem","position":3,"name":"Someday, Maybe"}]},{"@type":"WebSite","@id":"https:\/\/masobebooks.com\/ng\/#website","url":"https:\/\/masobebooks.com\/ng\/","name":"Masobe Books","description":"Let Us Read","publisher":{"@id":"https:\/\/masobebooks.com\/ng\/#organization"},"potentialAction":[{"@type":"SearchAction","target":{"@type":"EntryPoint","urlTemplate":"https:\/\/masobebooks.com\/ng\/?s={search_term_string}"},"query-input":{"@type":"PropertyValueSpecification","valueRequired":true,"valueName":"search_term_string"}}],"inLanguage":"en-US"},{"@type":"Organization","@id":"https:\/\/masobebooks.com\/ng\/#organization","name":"Masobe Books","url":"https:\/\/masobebooks.com\/ng\/","logo":{"@type":"ImageObject","inLanguage":"en-US","@id":"https:\/\/masobebooks.com\/ng\/#\/schema\/logo\/image\/","url":"https:\/\/masobebooks.com\/ng\/wp-content\/uploads\/2024\/07\/masobe_logo_green.svg","contentUrl":"https:\/\/masobebooks.com\/ng\/wp-content\/uploads\/2024\/07\/masobe_logo_green.svg","width":729,"height":217,"caption":"Masobe Books"},"image":{"@id":"https:\/\/masobebooks.com\/ng\/#\/schema\/logo\/image\/"},"sameAs":["https:\/\/www.facebook.com\/masobebooks\/","https:\/\/x.com\/masobebooks","https:\/\/www.instagram.com\/masobebooksng\/","https:\/\/www.linkedin.com\/in\/masobe-books-840046187\/"]}]}},"_links":{"self":[{"href":"https:\/\/masobebooks.com\/ng\/wp-json\/wp\/v2\/product\/2263","targetHints":{"allow":["GET"]}}],"collection":[{"href":"https:\/\/masobebooks.com\/ng\/wp-json\/wp\/v2\/product"}],"about":[{"href":"https:\/\/masobebooks.com\/ng\/wp-json\/wp\/v2\/types\/product"}],"replies":[{"embeddable":true,"href":"https:\/\/masobebooks.com\/ng\/wp-json\/wp\/v2\/comments?post=2263"}],"wp:featuredmedia":[{"embeddable":true,"href":"https:\/\/masobebooks.com\/ng\/wp-json\/wp\/v2\/media\/2269"}],"wp:attachment":[{"href":"https:\/\/masobebooks.com\/ng\/wp-json\/wp\/v2\/media?parent=2263"}],"wp:term":[{"taxonomy":"retailer","embeddable":true,"href":"https:\/\/masobebooks.com\/ng\/wp-json\/wp\/v2\/retailer?post=2263"},{"taxonomy":"product_brand","embeddable":true,"href":"https:\/\/masobebooks.com\/ng\/wp-json\/wp\/v2\/product_brand?post=2263"},{"taxonomy":"product_cat","embeddable":true,"href":"https:\/\/masobebooks.com\/ng\/wp-json\/wp\/v2\/product_cat?post=2263"},{"taxonomy":"product_tag","embeddable":true,"href":"https:\/\/masobebooks.com\/ng\/wp-json\/wp\/v2\/product_tag?post=2263"}],"curies":[{"name":"wp","href":"https:\/\/api.w.org\/{rel}","templated":true}]}}