{"id":572,"date":"2024-05-20T00:01:00","date_gmt":"2024-05-20T00:01:00","guid":{"rendered":"https:\/\/masobebooks.com\/ng\/?post_type=product&#038;p=572"},"modified":"2025-11-16T11:53:54","modified_gmt":"2025-11-16T11:53:54","slug":"everything-is-not-enough","status":"publish","type":"product","link":"https:\/\/masobebooks.com\/ng\/book\/everything-is-not-enough\/","title":{"rendered":"Everything Is Not Enough"},"content":{"rendered":"<p><b>From Lol\u00e1 \u00c1k\u00ednm\u00e1d\u00e9 \u00c5kerstr\u00f6m, international bestselling author of\u00a0<\/b><b><i>In Every Mirror She\u2019s Black<\/i><\/b><b>, comes the highly anticipated second novel,\u00a0focusing on the lives of three Black women as they fight their own personal struggles in one of the most egalitarian societies, Sweden.<\/b><\/p>\n<p><b>Can a career woman truly have it all?<\/b><\/p>\n<p><span style=\"font-weight: 400;\">Powerful marketing executive Kemi Adeyemi has finally found the man she needs, but Tobias Wikstr\u00f6m thinks she&#8217;s the most selfish woman he has ever met for asking him to give up his life in Sweden and move to the US for her own comfort. Will Kemi be forced to stay if she wants to keep him while chipping away at her hard-earned career? As things begin to sour and challenge her relationship with Tobias, someone else moves back into the picture.<\/span><\/p>\n<p><b>Can having it all be a gilded cage?<\/b><\/p>\n<p><span style=\"font-weight: 400;\">Looking into divorce in Sweden isn&#8217;t what former model-turned-flight attendant Brittany-Rae von Lundin anticipated. Only jointly owned assets are split evenly between couples. Brittany gave up her career and came with nothing into Jonny&#8217;s kingdom. Having had a child with him, her greatest fear for Maya includes being cut off from the resources she&#8217;s become accustomed to. With a man obsessed with a ghost, trying to get away isn&#8217;t going to be easy. And the deeper she digs into his past, the darker the secrets she unravels.<\/span><\/p>\n<p><b>Can you run from your past to have it all?<\/b><\/p>\n<p><span style=\"font-weight: 400;\">After fleeing her home through a client to seek a new life in Sweden, Yasmiin finds love in the arms of Yagiz \u00c7elik while carving out her own small corner. But as someone from her past forces Yasmiin to become a caretaker before she&#8217;s ready, she now must confront and move beyond her teenage history, while following her dreams of becoming a makeup artist.<\/span><\/p>\n<p><i><span style=\"font-weight: 400;\">Everything Is Not Enough\u00a0<\/span><\/i><span style=\"font-weight: 400;\">follows the loosely intertwined and messy lives of Kemi, Brittany, and Yasmiin as they interrogate themes of place, prejudice, and patriarchy in Europe, proving\u2014yet again\u2014that Lola Akinmade \u00c5kerstr\u00f6m is the next great voice of nuanced contemporary women\u2019s fiction.<\/span><\/p>\n<p><br style=\"font-weight: 400;\" \/><br style=\"font-weight: 400;\" \/><\/p>\n","protected":false},"excerpt":{"rendered":"<p><b>From Lol\u00e1 \u00c1k\u00ednm\u00e1d\u00e9 \u00c5kerstr\u00f6m, international bestselling author of\u00a0<\/b><b><i>In Every Mirror She\u2019s Black<\/i><\/b><b>, comes the highly anticipated second novel,\u00a0focusing on the lives of three Black women as they fight their own personal struggles in one of the most egalitarian societies, Sweden.<\/b><\/p>\n<p><b>Can a career woman truly have it all?<\/b><\/p>\n<p><span style=\"font-weight: 400;\">Powerful marketing executive Kemi Adeyemi has finally found the man she needs, but Tobias Wikstr\u00f6m thinks she&#8217;s the most selfish woman he has ever met for asking him to give up his life in Sweden and move to the US for her own comfort. Will Kemi be forced to stay if she wants to keep him while chipping away at her hard-earned career? As things begin to sour and challenge her relationship with Tobias, someone else moves back into the picture.<\/span><\/p>\n<p><b>Can having it all be a gilded cage?<\/b><\/p>\n<p><span style=\"font-weight: 400;\">Looking into divorce in Sweden isn&#8217;t what former model-turned-flight attendant Brittany-Rae von Lundin anticipated. Only jointly owned assets are split evenly between couples. Brittany gave up her career and came with nothing into Jonny&#8217;s kingdom. Having had a child with him, her greatest fear for Maya includes being cut off from the resources she&#8217;s become accustomed to. With a man obsessed with a ghost, trying to get away isn&#8217;t going to be easy. And the deeper she digs into his past, the darker the secrets she unravels.<\/span><\/p>\n<p><b>Can you run from your past to have it all?<\/b><\/p>\n<p><span style=\"font-weight: 400;\">After fleeing her home through a client to seek a new life in Sweden, Yasmiin finds love in the arms of Yagiz \u00c7elik while carving out her own small corner. But as someone from her past forces Yasmiin to become a caretaker before she&#8217;s ready, she now must confront and move beyond her teenage history, while following her dreams of becoming a makeup artist.<\/span><\/p>\n<p><i><span style=\"font-weight: 400;\">Everything Is Not Enough\u00a0<\/span><\/i><span style=\"font-weight: 400;\">follows the loosely intertwined and messy lives of Kemi, Brittany, and Yasmiin as they interrogate themes of place, prejudice, and patriarchy in Europe, proving\u2014yet again\u2014that Lola Akinmade \u00c5kerstr\u00f6m is the next great voice of nuanced contemporary women\u2019s fiction.<\/span><\/p>\n","protected":false},"featured_media":573,"comment_status":"open","ping_status":"closed","template":"","meta":{"_acf_changed":false,"inline_featured_image":false},"retailer":[],"product_brand":[],"product_cat":[356],"product_tag":[429,109,192,126,194],"class_list":{"0":"post-572","1":"product","2":"type-product","3":"status-publish","4":"has-post-thumbnail","6":"product_cat-contemporary-fiction","7":"product_tag-contemporary-fiction","8":"product_tag-literary-fiction","9":"product_tag-lola-akinmade-akerstrom","10":"product_tag-romance","11":"product_tag-sweden","12":"thb-post-share-style1","14":"first","15":"instock","16":"taxable","17":"shipping-taxable","18":"purchasable","19":"product-type-variable"},"acf":[],"yoast_head":"<!-- This site is optimized with the Yoast SEO Premium plugin v23.1 (Yoast SEO v26.1) - https:\/\/yoast.com\/wordpress\/plugins\/seo\/ -->\n<title>Everything Is Not Enough - Masobe Books<\/title>\n<meta name=\"robots\" content=\"index, follow, max-snippet:-1, max-image-preview:large, max-video-preview:-1\" \/>\n<link rel=\"canonical\" href=\"https:\/\/masobebooks.com\/ng\/book\/everything-is-not-enough\/\" \/>\n<meta property=\"og:locale\" content=\"en_US\" \/>\n<meta property=\"og:type\" content=\"article\" \/>\n<meta property=\"og:title\" content=\"Everything Is Not Enough\" \/>\n<meta property=\"og:description\" content=\"From Lol\u00e1 \u00c1k\u00ednm\u00e1d\u00e9 \u00c5kerstr\u00f6m, international bestselling author of\u00a0In Every Mirror She\u2019s Black, comes the highly anticipated second novel,\u00a0focusing on the lives of three Black women as they fight their own personal struggles in one of the most egalitarian societies, Sweden.  Can a career woman truly have it all?  Powerful marketing executive Kemi Adeyemi has finally found the man she needs, but Tobias Wikstr\u00f6m thinks she&#039;s the most selfish woman he has ever met for asking him to give up his life in Sweden and move to the US for her own comfort. Will Kemi be forced to stay if she wants to keep him while chipping away at her hard-earned career? As things begin to sour and challenge her relationship with Tobias, someone else moves back into the picture.  Can having it all be a gilded cage?  Looking into divorce in Sweden isn&#039;t what former model-turned-flight attendant Brittany-Rae von Lundin anticipated. Only jointly owned assets are split evenly between couples. Brittany gave up her career and came with nothing into Jonny&#039;s kingdom. Having had a child with him, her greatest fear for Maya includes being cut off from the resources she&#039;s become accustomed to. With a man obsessed with a ghost, trying to get away isn&#039;t going to be easy. And the deeper she digs into his past, the darker the secrets she unravels.  Can you run from your past to have it all?  After fleeing her home through a client to seek a new life in Sweden, Yasmiin finds love in the arms of Yagiz \u00c7elik while carving out her own small corner. But as someone from her past forces Yasmiin to become a caretaker before she&#039;s ready, she now must confront and move beyond her teenage history, while following her dreams of becoming a makeup artist.  Everything Is Not Enough\u00a0follows the loosely intertwined and messy lives of Kemi, Brittany, and Yasmiin as they interrogate themes of place, prejudice, and patriarchy in Europe, proving\u2014yet again\u2014that Lola Akinmade \u00c5kerstr\u00f6m is the next great voice of nuanced contemporary women\u2019s fiction.\" \/>\n<meta property=\"og:url\" content=\"https:\/\/masobebooks.com\/ng\/book\/everything-is-not-enough\/\" \/>\n<meta property=\"og:site_name\" content=\"Masobe Books\" \/>\n<meta property=\"article:publisher\" content=\"https:\/\/www.facebook.com\/masobebooks\/\" \/>\n<meta property=\"article:modified_time\" content=\"2025-11-16T11:53:54+00:00\" \/>\n<meta property=\"og:image\" content=\"https:\/\/masobebooks.com\/ng\/wp-content\/uploads\/2024\/05\/EINE.png\" \/>\n\t<meta property=\"og:image:width\" content=\"1281\" \/>\n\t<meta property=\"og:image:height\" content=\"1917\" \/>\n\t<meta property=\"og:image:type\" content=\"image\/png\" \/>\n<meta name=\"twitter:card\" content=\"summary_large_image\" \/>\n<meta name=\"twitter:site\" content=\"@masobebooks\" \/>\n<meta name=\"twitter:label1\" content=\"Est. reading time\" \/>\n\t<meta name=\"twitter:data1\" content=\"2 minutes\" \/>\n<script type=\"application\/ld+json\" class=\"yoast-schema-graph\">{\"@context\":\"https:\/\/schema.org\",\"@graph\":[{\"@type\":\"WebPage\",\"@id\":\"https:\/\/masobebooks.com\/ng\/book\/everything-is-not-enough\/\",\"url\":\"https:\/\/masobebooks.com\/ng\/book\/everything-is-not-enough\/\",\"name\":\"Everything Is Not Enough - Masobe Books\",\"isPartOf\":{\"@id\":\"https:\/\/masobebooks.com\/ng\/#website\"},\"primaryImageOfPage\":{\"@id\":\"https:\/\/masobebooks.com\/ng\/book\/everything-is-not-enough\/#primaryimage\"},\"image\":{\"@id\":\"https:\/\/masobebooks.com\/ng\/book\/everything-is-not-enough\/#primaryimage\"},\"thumbnailUrl\":\"https:\/\/masobebooks.com\/ng\/wp-content\/uploads\/2024\/05\/EINE.png\",\"datePublished\":\"2024-05-20T00:01:00+00:00\",\"dateModified\":\"2025-11-16T11:53:54+00:00\",\"breadcrumb\":{\"@id\":\"https:\/\/masobebooks.com\/ng\/book\/everything-is-not-enough\/#breadcrumb\"},\"inLanguage\":\"en-US\",\"potentialAction\":[{\"@type\":\"ReadAction\",\"target\":[\"https:\/\/masobebooks.com\/ng\/book\/everything-is-not-enough\/\"]}]},{\"@type\":\"ImageObject\",\"inLanguage\":\"en-US\",\"@id\":\"https:\/\/masobebooks.com\/ng\/book\/everything-is-not-enough\/#primaryimage\",\"url\":\"https:\/\/masobebooks.com\/ng\/wp-content\/uploads\/2024\/05\/EINE.png\",\"contentUrl\":\"https:\/\/masobebooks.com\/ng\/wp-content\/uploads\/2024\/05\/EINE.png\",\"width\":1281,\"height\":1917},{\"@type\":\"BreadcrumbList\",\"@id\":\"https:\/\/masobebooks.com\/ng\/book\/everything-is-not-enough\/#breadcrumb\",\"itemListElement\":[{\"@type\":\"ListItem\",\"position\":1,\"name\":\"Home\",\"item\":\"https:\/\/masobebooks.com\/ng\/\"},{\"@type\":\"ListItem\",\"position\":2,\"name\":\"Bookstore\",\"item\":\"https:\/\/masobebooks.com\/ng\/bookstore\/\"},{\"@type\":\"ListItem\",\"position\":3,\"name\":\"Everything Is Not Enough\"}]},{\"@type\":\"WebSite\",\"@id\":\"https:\/\/masobebooks.com\/ng\/#website\",\"url\":\"https:\/\/masobebooks.com\/ng\/\",\"name\":\"Masobe Books\",\"description\":\"Let Us Read\",\"publisher\":{\"@id\":\"https:\/\/masobebooks.com\/ng\/#organization\"},\"potentialAction\":[{\"@type\":\"SearchAction\",\"target\":{\"@type\":\"EntryPoint\",\"urlTemplate\":\"https:\/\/masobebooks.com\/ng\/?s={search_term_string}\"},\"query-input\":{\"@type\":\"PropertyValueSpecification\",\"valueRequired\":true,\"valueName\":\"search_term_string\"}}],\"inLanguage\":\"en-US\"},{\"@type\":\"Organization\",\"@id\":\"https:\/\/masobebooks.com\/ng\/#organization\",\"name\":\"Masobe Books\",\"url\":\"https:\/\/masobebooks.com\/ng\/\",\"logo\":{\"@type\":\"ImageObject\",\"inLanguage\":\"en-US\",\"@id\":\"https:\/\/masobebooks.com\/ng\/#\/schema\/logo\/image\/\",\"url\":\"https:\/\/masobebooks.com\/ng\/wp-content\/uploads\/2024\/07\/masobe_logo_green.svg\",\"contentUrl\":\"https:\/\/masobebooks.com\/ng\/wp-content\/uploads\/2024\/07\/masobe_logo_green.svg\",\"width\":729,\"height\":217,\"caption\":\"Masobe Books\"},\"image\":{\"@id\":\"https:\/\/masobebooks.com\/ng\/#\/schema\/logo\/image\/\"},\"sameAs\":[\"https:\/\/www.facebook.com\/masobebooks\/\",\"https:\/\/x.com\/masobebooks\",\"https:\/\/www.instagram.com\/masobebooksng\/\",\"https:\/\/www.linkedin.com\/in\/masobe-books-840046187\/\"]}]}<\/script>\n<!-- \/ Yoast SEO Premium plugin. -->","yoast_head_json":{"title":"Everything Is Not Enough - Masobe Books","robots":{"index":"index","follow":"follow","max-snippet":"max-snippet:-1","max-image-preview":"max-image-preview:large","max-video-preview":"max-video-preview:-1"},"canonical":"https:\/\/masobebooks.com\/ng\/book\/everything-is-not-enough\/","og_locale":"en_US","og_type":"article","og_title":"Everything Is Not Enough","og_description":"From Lol\u00e1 \u00c1k\u00ednm\u00e1d\u00e9 \u00c5kerstr\u00f6m, international bestselling author of\u00a0In Every Mirror She\u2019s Black, comes the highly anticipated second novel,\u00a0focusing on the lives of three Black women as they fight their own personal struggles in one of the most egalitarian societies, Sweden.  Can a career woman truly have it all?  Powerful marketing executive Kemi Adeyemi has finally found the man she needs, but Tobias Wikstr\u00f6m thinks she's the most selfish woman he has ever met for asking him to give up his life in Sweden and move to the US for her own comfort. Will Kemi be forced to stay if she wants to keep him while chipping away at her hard-earned career? As things begin to sour and challenge her relationship with Tobias, someone else moves back into the picture.  Can having it all be a gilded cage?  Looking into divorce in Sweden isn't what former model-turned-flight attendant Brittany-Rae von Lundin anticipated. Only jointly owned assets are split evenly between couples. Brittany gave up her career and came with nothing into Jonny's kingdom. Having had a child with him, her greatest fear for Maya includes being cut off from the resources she's become accustomed to. With a man obsessed with a ghost, trying to get away isn't going to be easy. And the deeper she digs into his past, the darker the secrets she unravels.  Can you run from your past to have it all?  After fleeing her home through a client to seek a new life in Sweden, Yasmiin finds love in the arms of Yagiz \u00c7elik while carving out her own small corner. But as someone from her past forces Yasmiin to become a caretaker before she's ready, she now must confront and move beyond her teenage history, while following her dreams of becoming a makeup artist.  Everything Is Not Enough\u00a0follows the loosely intertwined and messy lives of Kemi, Brittany, and Yasmiin as they interrogate themes of place, prejudice, and patriarchy in Europe, proving\u2014yet again\u2014that Lola Akinmade \u00c5kerstr\u00f6m is the next great voice of nuanced contemporary women\u2019s fiction.","og_url":"https:\/\/masobebooks.com\/ng\/book\/everything-is-not-enough\/","og_site_name":"Masobe Books","article_publisher":"https:\/\/www.facebook.com\/masobebooks\/","article_modified_time":"2025-11-16T11:53:54+00:00","og_image":[{"width":1281,"height":1917,"url":"https:\/\/masobebooks.com\/ng\/wp-content\/uploads\/2024\/05\/EINE.png","type":"image\/png"}],"twitter_card":"summary_large_image","twitter_site":"@masobebooks","twitter_misc":{"Est. reading time":"2 minutes"},"schema":{"@context":"https:\/\/schema.org","@graph":[{"@type":"WebPage","@id":"https:\/\/masobebooks.com\/ng\/book\/everything-is-not-enough\/","url":"https:\/\/masobebooks.com\/ng\/book\/everything-is-not-enough\/","name":"Everything Is Not Enough - Masobe Books","isPartOf":{"@id":"https:\/\/masobebooks.com\/ng\/#website"},"primaryImageOfPage":{"@id":"https:\/\/masobebooks.com\/ng\/book\/everything-is-not-enough\/#primaryimage"},"image":{"@id":"https:\/\/masobebooks.com\/ng\/book\/everything-is-not-enough\/#primaryimage"},"thumbnailUrl":"https:\/\/masobebooks.com\/ng\/wp-content\/uploads\/2024\/05\/EINE.png","datePublished":"2024-05-20T00:01:00+00:00","dateModified":"2025-11-16T11:53:54+00:00","breadcrumb":{"@id":"https:\/\/masobebooks.com\/ng\/book\/everything-is-not-enough\/#breadcrumb"},"inLanguage":"en-US","potentialAction":[{"@type":"ReadAction","target":["https:\/\/masobebooks.com\/ng\/book\/everything-is-not-enough\/"]}]},{"@type":"ImageObject","inLanguage":"en-US","@id":"https:\/\/masobebooks.com\/ng\/book\/everything-is-not-enough\/#primaryimage","url":"https:\/\/masobebooks.com\/ng\/wp-content\/uploads\/2024\/05\/EINE.png","contentUrl":"https:\/\/masobebooks.com\/ng\/wp-content\/uploads\/2024\/05\/EINE.png","width":1281,"height":1917},{"@type":"BreadcrumbList","@id":"https:\/\/masobebooks.com\/ng\/book\/everything-is-not-enough\/#breadcrumb","itemListElement":[{"@type":"ListItem","position":1,"name":"Home","item":"https:\/\/masobebooks.com\/ng\/"},{"@type":"ListItem","position":2,"name":"Bookstore","item":"https:\/\/masobebooks.com\/ng\/bookstore\/"},{"@type":"ListItem","position":3,"name":"Everything Is Not Enough"}]},{"@type":"WebSite","@id":"https:\/\/masobebooks.com\/ng\/#website","url":"https:\/\/masobebooks.com\/ng\/","name":"Masobe Books","description":"Let Us Read","publisher":{"@id":"https:\/\/masobebooks.com\/ng\/#organization"},"potentialAction":[{"@type":"SearchAction","target":{"@type":"EntryPoint","urlTemplate":"https:\/\/masobebooks.com\/ng\/?s={search_term_string}"},"query-input":{"@type":"PropertyValueSpecification","valueRequired":true,"valueName":"search_term_string"}}],"inLanguage":"en-US"},{"@type":"Organization","@id":"https:\/\/masobebooks.com\/ng\/#organization","name":"Masobe Books","url":"https:\/\/masobebooks.com\/ng\/","logo":{"@type":"ImageObject","inLanguage":"en-US","@id":"https:\/\/masobebooks.com\/ng\/#\/schema\/logo\/image\/","url":"https:\/\/masobebooks.com\/ng\/wp-content\/uploads\/2024\/07\/masobe_logo_green.svg","contentUrl":"https:\/\/masobebooks.com\/ng\/wp-content\/uploads\/2024\/07\/masobe_logo_green.svg","width":729,"height":217,"caption":"Masobe Books"},"image":{"@id":"https:\/\/masobebooks.com\/ng\/#\/schema\/logo\/image\/"},"sameAs":["https:\/\/www.facebook.com\/masobebooks\/","https:\/\/x.com\/masobebooks","https:\/\/www.instagram.com\/masobebooksng\/","https:\/\/www.linkedin.com\/in\/masobe-books-840046187\/"]}]}},"_links":{"self":[{"href":"https:\/\/masobebooks.com\/ng\/wp-json\/wp\/v2\/product\/572","targetHints":{"allow":["GET"]}}],"collection":[{"href":"https:\/\/masobebooks.com\/ng\/wp-json\/wp\/v2\/product"}],"about":[{"href":"https:\/\/masobebooks.com\/ng\/wp-json\/wp\/v2\/types\/product"}],"replies":[{"embeddable":true,"href":"https:\/\/masobebooks.com\/ng\/wp-json\/wp\/v2\/comments?post=572"}],"wp:featuredmedia":[{"embeddable":true,"href":"https:\/\/masobebooks.com\/ng\/wp-json\/wp\/v2\/media\/573"}],"wp:attachment":[{"href":"https:\/\/masobebooks.com\/ng\/wp-json\/wp\/v2\/media?parent=572"}],"wp:term":[{"taxonomy":"retailer","embeddable":true,"href":"https:\/\/masobebooks.com\/ng\/wp-json\/wp\/v2\/retailer?post=572"},{"taxonomy":"product_brand","embeddable":true,"href":"https:\/\/masobebooks.com\/ng\/wp-json\/wp\/v2\/product_brand?post=572"},{"taxonomy":"product_cat","embeddable":true,"href":"https:\/\/masobebooks.com\/ng\/wp-json\/wp\/v2\/product_cat?post=572"},{"taxonomy":"product_tag","embeddable":true,"href":"https:\/\/masobebooks.com\/ng\/wp-json\/wp\/v2\/product_tag?post=572"}],"curies":[{"name":"wp","href":"https:\/\/api.w.org\/{rel}","templated":true}]}}