{"id":604,"date":"2023-03-07T00:01:47","date_gmt":"2023-03-07T00:01:47","guid":{"rendered":"https:\/\/masobebooks.com\/ng\/?post_type=product&#038;p=604"},"modified":"2025-11-16T12:26:35","modified_gmt":"2025-11-16T12:26:35","slug":"onyeka-and-the-rise-of-the-rebels","status":"publish","type":"product","link":"https:\/\/masobebooks.com\/ng\/book\/onyeka-and-the-rise-of-the-rebels\/","title":{"rendered":"Onyeka And The Rise Of The Rebels"},"content":{"rendered":"<blockquote><p><span data-sheets-root=\"1\" data-sheets-value=\"{&quot;1&quot;:2,&quot;2&quot;:&quot;A tense and topical thriller ~ The Times Onyeka and her superpowered friends must race against time to save themselves and the Solari in this breathtaking next installment in the Onyeka middle grade series, perfect for fans of Rick Riordan, The Marvellers, and X-Men. Onyeka and her superhero friends are on the run. Having exposed head teacher Dr. D\u00f2y\u00ecnb\u00f3\u2019s hidden agenda behind the Academy of the Sun, they\u2019re living as fugitives, laying low as they try to figure out their next move. Despite their best efforts, Onyeka\u2019s parents are still missing, and students at the Academy are still in danger. But when their safe house is discovered, Onyeka must turn to the only allies they have left: a group of rebels called the rogues. Joining forces, will the groups defeat their shared nemesis, or is there a new danger on the horizon?&quot;}\" data-sheets-userformat=\"{&quot;2&quot;:13185,&quot;3&quot;:{&quot;1&quot;:0},&quot;10&quot;:0,&quot;11&quot;:4,&quot;12&quot;:0,&quot;15&quot;:&quot;Google Sans&quot;,&quot;16&quot;:11}\">A tense and topical thriller ~ The Times <\/span><\/p><\/blockquote>\n<p><span data-sheets-root=\"1\" data-sheets-value=\"{&quot;1&quot;:2,&quot;2&quot;:&quot;A tense and topical thriller ~ The Times Onyeka and her superpowered friends must race against time to save themselves and the Solari in this breathtaking next installment in the Onyeka middle grade series, perfect for fans of Rick Riordan, The Marvellers, and X-Men. Onyeka and her superhero friends are on the run. Having exposed head teacher Dr. D\u00f2y\u00ecnb\u00f3\u2019s hidden agenda behind the Academy of the Sun, they\u2019re living as fugitives, laying low as they try to figure out their next move. Despite their best efforts, Onyeka\u2019s parents are still missing, and students at the Academy are still in danger. But when their safe house is discovered, Onyeka must turn to the only allies they have left: a group of rebels called the rogues. Joining forces, will the groups defeat their shared nemesis, or is there a new danger on the horizon?&quot;}\" data-sheets-userformat=\"{&quot;2&quot;:13185,&quot;3&quot;:{&quot;1&quot;:0},&quot;10&quot;:0,&quot;11&quot;:4,&quot;12&quot;:0,&quot;15&quot;:&quot;Google Sans&quot;,&quot;16&quot;:11}\">Onyeka and her superpowered friends must race against time to save themselves and the Solari in this breathtaking next installment in the Onyeka middle grade series, perfect for fans of Rick Riordan, The Marvellers, and X-Men. Onyeka and her superhero friends are on the run. Having exposed head teacher Dr. D\u00f2y\u00ecnb\u00f3\u2019s hidden agenda behind the Academy of the Sun, they\u2019re living as fugitives, laying low as they try to figure out their next move. Despite their best efforts, Onyeka\u2019s parents are still missing, and students at the Academy are still in danger. But when their safe house is discovered, Onyeka must turn to the only allies they have left: a group of rebels called the rogues. Joining forces, will the groups defeat their shared nemesis, or is there a new danger on the horizon?<\/span><\/p>\n","protected":false},"excerpt":{"rendered":"<blockquote><p><span data-sheets-root=\"1\" data-sheets-value=\"{&quot;1&quot;:2,&quot;2&quot;:&quot;A tense and topical thriller ~ The Times Onyeka and her superpowered friends must race against time to save themselves and the Solari in this breathtaking next installment in the Onyeka middle grade series, perfect for fans of Rick Riordan, The Marvellers, and X-Men. Onyeka and her superhero friends are on the run. Having exposed head teacher Dr. D\u00f2y\u00ecnb\u00f3\u2019s hidden agenda behind the Academy of the Sun, they\u2019re living as fugitives, laying low as they try to figure out their next move. Despite their best efforts, Onyeka\u2019s parents are still missing, and students at the Academy are still in danger. But when their safe house is discovered, Onyeka must turn to the only allies they have left: a group of rebels called the rogues. Joining forces, will the groups defeat their shared nemesis, or is there a new danger on the horizon?&quot;}\" data-sheets-userformat=\"{&quot;2&quot;:13185,&quot;3&quot;:{&quot;1&quot;:0},&quot;10&quot;:0,&quot;11&quot;:4,&quot;12&quot;:0,&quot;15&quot;:&quot;Google Sans&quot;,&quot;16&quot;:11}\">A tense and topical thriller ~ The Times <\/span><\/p><\/blockquote>\n<p><span data-sheets-root=\"1\" data-sheets-value=\"{&quot;1&quot;:2,&quot;2&quot;:&quot;A tense and topical thriller ~ The Times Onyeka and her superpowered friends must race against time to save themselves and the Solari in this breathtaking next installment in the Onyeka middle grade series, perfect for fans of Rick Riordan, The Marvellers, and X-Men. Onyeka and her superhero friends are on the run. Having exposed head teacher Dr. D\u00f2y\u00ecnb\u00f3\u2019s hidden agenda behind the Academy of the Sun, they\u2019re living as fugitives, laying low as they try to figure out their next move. Despite their best efforts, Onyeka\u2019s parents are still missing, and students at the Academy are still in danger. But when their safe house is discovered, Onyeka must turn to the only allies they have left: a group of rebels called the rogues. Joining forces, will the groups defeat their shared nemesis, or is there a new danger on the horizon?&quot;}\" data-sheets-userformat=\"{&quot;2&quot;:13185,&quot;3&quot;:{&quot;1&quot;:0},&quot;10&quot;:0,&quot;11&quot;:4,&quot;12&quot;:0,&quot;15&quot;:&quot;Google Sans&quot;,&quot;16&quot;:11}\">Onyeka and her superpowered friends must race against time to save themselves and the Solari in this breathtaking next installment in the Onyeka middle grade series, perfect for fans of Rick Riordan, The Marvellers, and X-Men. Onyeka and her superhero friends are on the run. Having exposed head teacher Dr. D\u00f2y\u00ecnb\u00f3\u2019s hidden agenda behind the Academy of the Sun, they\u2019re living as fugitives, laying low as they try to figure out their next move. Despite their best efforts, Onyeka\u2019s parents are still missing, and students at the Academy are still in danger. But when their safe house is discovered, Onyeka must turn to the only allies they have left: a group of rebels called the rogues. Joining forces, will the groups defeat their shared nemesis, or is there a new danger on the horizon?<\/span><\/p>\n","protected":false},"featured_media":605,"comment_status":"open","ping_status":"closed","template":"","meta":{"_acf_changed":false,"inline_featured_image":false},"retailer":[],"product_brand":[],"product_cat":[570],"product_tag":[352,404,237],"class_list":{"0":"post-604","1":"product","2":"type-product","3":"status-publish","4":"has-post-thumbnail","6":"product_cat-middle-grade","7":"product_tag-middle-grade","8":"product_tag-onyeka","9":"product_tag-tola-okogwu","10":"thb-post-share-style1","12":"first","13":"instock","14":"taxable","15":"shipping-taxable","16":"purchasable","17":"product-type-variable"},"acf":[],"yoast_head":"<!-- This site is optimized with the Yoast SEO Premium plugin v23.1 (Yoast SEO v26.1) - https:\/\/yoast.com\/wordpress\/plugins\/seo\/ -->\n<title>Onyeka And The Rise Of The Rebels - Masobe Books<\/title>\n<meta name=\"robots\" content=\"index, follow, max-snippet:-1, max-image-preview:large, max-video-preview:-1\" \/>\n<link rel=\"canonical\" href=\"https:\/\/masobebooks.com\/ng\/book\/onyeka-and-the-rise-of-the-rebels\/\" \/>\n<meta property=\"og:locale\" content=\"en_US\" \/>\n<meta property=\"og:type\" content=\"article\" \/>\n<meta property=\"og:title\" content=\"Onyeka And The Rise Of The Rebels\" \/>\n<meta property=\"og:description\" content=\"A tense and topical thriller ~ The Times  Onyeka and her superpowered friends must race against time to save themselves and the Solari in this breathtaking next installment in the Onyeka middle grade series, perfect for fans of Rick Riordan, The Marvellers, and X-Men. Onyeka and her superhero friends are on the run. Having exposed head teacher Dr. D\u00f2y\u00ecnb\u00f3\u2019s hidden agenda behind the Academy of the Sun, they\u2019re living as fugitives, laying low as they try to figure out their next move. Despite their best efforts, Onyeka\u2019s parents are still missing, and students at the Academy are still in danger. But when their safe house is discovered, Onyeka must turn to the only allies they have left: a group of rebels called the rogues. Joining forces, will the groups defeat their shared nemesis, or is there a new danger on the horizon?\" \/>\n<meta property=\"og:url\" content=\"https:\/\/masobebooks.com\/ng\/book\/onyeka-and-the-rise-of-the-rebels\/\" \/>\n<meta property=\"og:site_name\" content=\"Masobe Books\" \/>\n<meta property=\"article:publisher\" content=\"https:\/\/www.facebook.com\/masobebooks\/\" \/>\n<meta property=\"article:modified_time\" content=\"2025-11-16T12:26:35+00:00\" \/>\n<meta property=\"og:image\" content=\"https:\/\/masobebooks.com\/ng\/wp-content\/uploads\/2024\/05\/OATROTR.png\" \/>\n\t<meta property=\"og:image:width\" content=\"1281\" \/>\n\t<meta property=\"og:image:height\" content=\"1917\" \/>\n\t<meta property=\"og:image:type\" content=\"image\/png\" \/>\n<meta name=\"twitter:card\" content=\"summary_large_image\" \/>\n<meta name=\"twitter:site\" content=\"@masobebooks\" \/>\n<meta name=\"twitter:label1\" content=\"Est. reading time\" \/>\n\t<meta name=\"twitter:data1\" content=\"1 minute\" \/>\n<script type=\"application\/ld+json\" class=\"yoast-schema-graph\">{\"@context\":\"https:\/\/schema.org\",\"@graph\":[{\"@type\":\"WebPage\",\"@id\":\"https:\/\/masobebooks.com\/ng\/book\/onyeka-and-the-rise-of-the-rebels\/\",\"url\":\"https:\/\/masobebooks.com\/ng\/book\/onyeka-and-the-rise-of-the-rebels\/\",\"name\":\"Onyeka And The Rise Of The Rebels - Masobe Books\",\"isPartOf\":{\"@id\":\"https:\/\/masobebooks.com\/ng\/#website\"},\"primaryImageOfPage\":{\"@id\":\"https:\/\/masobebooks.com\/ng\/book\/onyeka-and-the-rise-of-the-rebels\/#primaryimage\"},\"image\":{\"@id\":\"https:\/\/masobebooks.com\/ng\/book\/onyeka-and-the-rise-of-the-rebels\/#primaryimage\"},\"thumbnailUrl\":\"https:\/\/masobebooks.com\/ng\/wp-content\/uploads\/2024\/05\/OATROTR.png\",\"datePublished\":\"2023-03-07T00:01:47+00:00\",\"dateModified\":\"2025-11-16T12:26:35+00:00\",\"breadcrumb\":{\"@id\":\"https:\/\/masobebooks.com\/ng\/book\/onyeka-and-the-rise-of-the-rebels\/#breadcrumb\"},\"inLanguage\":\"en-US\",\"potentialAction\":[{\"@type\":\"ReadAction\",\"target\":[\"https:\/\/masobebooks.com\/ng\/book\/onyeka-and-the-rise-of-the-rebels\/\"]}]},{\"@type\":\"ImageObject\",\"inLanguage\":\"en-US\",\"@id\":\"https:\/\/masobebooks.com\/ng\/book\/onyeka-and-the-rise-of-the-rebels\/#primaryimage\",\"url\":\"https:\/\/masobebooks.com\/ng\/wp-content\/uploads\/2024\/05\/OATROTR.png\",\"contentUrl\":\"https:\/\/masobebooks.com\/ng\/wp-content\/uploads\/2024\/05\/OATROTR.png\",\"width\":1281,\"height\":1917},{\"@type\":\"BreadcrumbList\",\"@id\":\"https:\/\/masobebooks.com\/ng\/book\/onyeka-and-the-rise-of-the-rebels\/#breadcrumb\",\"itemListElement\":[{\"@type\":\"ListItem\",\"position\":1,\"name\":\"Home\",\"item\":\"https:\/\/masobebooks.com\/ng\/\"},{\"@type\":\"ListItem\",\"position\":2,\"name\":\"Bookstore\",\"item\":\"https:\/\/masobebooks.com\/ng\/bookstore\/\"},{\"@type\":\"ListItem\",\"position\":3,\"name\":\"Onyeka And The Rise Of The Rebels\"}]},{\"@type\":\"WebSite\",\"@id\":\"https:\/\/masobebooks.com\/ng\/#website\",\"url\":\"https:\/\/masobebooks.com\/ng\/\",\"name\":\"Masobe Books\",\"description\":\"Let Us Read\",\"publisher\":{\"@id\":\"https:\/\/masobebooks.com\/ng\/#organization\"},\"potentialAction\":[{\"@type\":\"SearchAction\",\"target\":{\"@type\":\"EntryPoint\",\"urlTemplate\":\"https:\/\/masobebooks.com\/ng\/?s={search_term_string}\"},\"query-input\":{\"@type\":\"PropertyValueSpecification\",\"valueRequired\":true,\"valueName\":\"search_term_string\"}}],\"inLanguage\":\"en-US\"},{\"@type\":\"Organization\",\"@id\":\"https:\/\/masobebooks.com\/ng\/#organization\",\"name\":\"Masobe Books\",\"url\":\"https:\/\/masobebooks.com\/ng\/\",\"logo\":{\"@type\":\"ImageObject\",\"inLanguage\":\"en-US\",\"@id\":\"https:\/\/masobebooks.com\/ng\/#\/schema\/logo\/image\/\",\"url\":\"https:\/\/masobebooks.com\/ng\/wp-content\/uploads\/2024\/07\/masobe_logo_green.svg\",\"contentUrl\":\"https:\/\/masobebooks.com\/ng\/wp-content\/uploads\/2024\/07\/masobe_logo_green.svg\",\"width\":729,\"height\":217,\"caption\":\"Masobe Books\"},\"image\":{\"@id\":\"https:\/\/masobebooks.com\/ng\/#\/schema\/logo\/image\/\"},\"sameAs\":[\"https:\/\/www.facebook.com\/masobebooks\/\",\"https:\/\/x.com\/masobebooks\",\"https:\/\/www.instagram.com\/masobebooksng\/\",\"https:\/\/www.linkedin.com\/in\/masobe-books-840046187\/\"]}]}<\/script>\n<!-- \/ Yoast SEO Premium plugin. -->","yoast_head_json":{"title":"Onyeka And The Rise Of The Rebels - Masobe Books","robots":{"index":"index","follow":"follow","max-snippet":"max-snippet:-1","max-image-preview":"max-image-preview:large","max-video-preview":"max-video-preview:-1"},"canonical":"https:\/\/masobebooks.com\/ng\/book\/onyeka-and-the-rise-of-the-rebels\/","og_locale":"en_US","og_type":"article","og_title":"Onyeka And The Rise Of The Rebels","og_description":"A tense and topical thriller ~ The Times  Onyeka and her superpowered friends must race against time to save themselves and the Solari in this breathtaking next installment in the Onyeka middle grade series, perfect for fans of Rick Riordan, The Marvellers, and X-Men. Onyeka and her superhero friends are on the run. Having exposed head teacher Dr. D\u00f2y\u00ecnb\u00f3\u2019s hidden agenda behind the Academy of the Sun, they\u2019re living as fugitives, laying low as they try to figure out their next move. Despite their best efforts, Onyeka\u2019s parents are still missing, and students at the Academy are still in danger. But when their safe house is discovered, Onyeka must turn to the only allies they have left: a group of rebels called the rogues. Joining forces, will the groups defeat their shared nemesis, or is there a new danger on the horizon?","og_url":"https:\/\/masobebooks.com\/ng\/book\/onyeka-and-the-rise-of-the-rebels\/","og_site_name":"Masobe Books","article_publisher":"https:\/\/www.facebook.com\/masobebooks\/","article_modified_time":"2025-11-16T12:26:35+00:00","og_image":[{"width":1281,"height":1917,"url":"https:\/\/masobebooks.com\/ng\/wp-content\/uploads\/2024\/05\/OATROTR.png","type":"image\/png"}],"twitter_card":"summary_large_image","twitter_site":"@masobebooks","twitter_misc":{"Est. reading time":"1 minute"},"schema":{"@context":"https:\/\/schema.org","@graph":[{"@type":"WebPage","@id":"https:\/\/masobebooks.com\/ng\/book\/onyeka-and-the-rise-of-the-rebels\/","url":"https:\/\/masobebooks.com\/ng\/book\/onyeka-and-the-rise-of-the-rebels\/","name":"Onyeka And The Rise Of The Rebels - Masobe Books","isPartOf":{"@id":"https:\/\/masobebooks.com\/ng\/#website"},"primaryImageOfPage":{"@id":"https:\/\/masobebooks.com\/ng\/book\/onyeka-and-the-rise-of-the-rebels\/#primaryimage"},"image":{"@id":"https:\/\/masobebooks.com\/ng\/book\/onyeka-and-the-rise-of-the-rebels\/#primaryimage"},"thumbnailUrl":"https:\/\/masobebooks.com\/ng\/wp-content\/uploads\/2024\/05\/OATROTR.png","datePublished":"2023-03-07T00:01:47+00:00","dateModified":"2025-11-16T12:26:35+00:00","breadcrumb":{"@id":"https:\/\/masobebooks.com\/ng\/book\/onyeka-and-the-rise-of-the-rebels\/#breadcrumb"},"inLanguage":"en-US","potentialAction":[{"@type":"ReadAction","target":["https:\/\/masobebooks.com\/ng\/book\/onyeka-and-the-rise-of-the-rebels\/"]}]},{"@type":"ImageObject","inLanguage":"en-US","@id":"https:\/\/masobebooks.com\/ng\/book\/onyeka-and-the-rise-of-the-rebels\/#primaryimage","url":"https:\/\/masobebooks.com\/ng\/wp-content\/uploads\/2024\/05\/OATROTR.png","contentUrl":"https:\/\/masobebooks.com\/ng\/wp-content\/uploads\/2024\/05\/OATROTR.png","width":1281,"height":1917},{"@type":"BreadcrumbList","@id":"https:\/\/masobebooks.com\/ng\/book\/onyeka-and-the-rise-of-the-rebels\/#breadcrumb","itemListElement":[{"@type":"ListItem","position":1,"name":"Home","item":"https:\/\/masobebooks.com\/ng\/"},{"@type":"ListItem","position":2,"name":"Bookstore","item":"https:\/\/masobebooks.com\/ng\/bookstore\/"},{"@type":"ListItem","position":3,"name":"Onyeka And The Rise Of The Rebels"}]},{"@type":"WebSite","@id":"https:\/\/masobebooks.com\/ng\/#website","url":"https:\/\/masobebooks.com\/ng\/","name":"Masobe Books","description":"Let Us Read","publisher":{"@id":"https:\/\/masobebooks.com\/ng\/#organization"},"potentialAction":[{"@type":"SearchAction","target":{"@type":"EntryPoint","urlTemplate":"https:\/\/masobebooks.com\/ng\/?s={search_term_string}"},"query-input":{"@type":"PropertyValueSpecification","valueRequired":true,"valueName":"search_term_string"}}],"inLanguage":"en-US"},{"@type":"Organization","@id":"https:\/\/masobebooks.com\/ng\/#organization","name":"Masobe Books","url":"https:\/\/masobebooks.com\/ng\/","logo":{"@type":"ImageObject","inLanguage":"en-US","@id":"https:\/\/masobebooks.com\/ng\/#\/schema\/logo\/image\/","url":"https:\/\/masobebooks.com\/ng\/wp-content\/uploads\/2024\/07\/masobe_logo_green.svg","contentUrl":"https:\/\/masobebooks.com\/ng\/wp-content\/uploads\/2024\/07\/masobe_logo_green.svg","width":729,"height":217,"caption":"Masobe Books"},"image":{"@id":"https:\/\/masobebooks.com\/ng\/#\/schema\/logo\/image\/"},"sameAs":["https:\/\/www.facebook.com\/masobebooks\/","https:\/\/x.com\/masobebooks","https:\/\/www.instagram.com\/masobebooksng\/","https:\/\/www.linkedin.com\/in\/masobe-books-840046187\/"]}]}},"_links":{"self":[{"href":"https:\/\/masobebooks.com\/ng\/wp-json\/wp\/v2\/product\/604","targetHints":{"allow":["GET"]}}],"collection":[{"href":"https:\/\/masobebooks.com\/ng\/wp-json\/wp\/v2\/product"}],"about":[{"href":"https:\/\/masobebooks.com\/ng\/wp-json\/wp\/v2\/types\/product"}],"replies":[{"embeddable":true,"href":"https:\/\/masobebooks.com\/ng\/wp-json\/wp\/v2\/comments?post=604"}],"wp:featuredmedia":[{"embeddable":true,"href":"https:\/\/masobebooks.com\/ng\/wp-json\/wp\/v2\/media\/605"}],"wp:attachment":[{"href":"https:\/\/masobebooks.com\/ng\/wp-json\/wp\/v2\/media?parent=604"}],"wp:term":[{"taxonomy":"retailer","embeddable":true,"href":"https:\/\/masobebooks.com\/ng\/wp-json\/wp\/v2\/retailer?post=604"},{"taxonomy":"product_brand","embeddable":true,"href":"https:\/\/masobebooks.com\/ng\/wp-json\/wp\/v2\/product_brand?post=604"},{"taxonomy":"product_cat","embeddable":true,"href":"https:\/\/masobebooks.com\/ng\/wp-json\/wp\/v2\/product_cat?post=604"},{"taxonomy":"product_tag","embeddable":true,"href":"https:\/\/masobebooks.com\/ng\/wp-json\/wp\/v2\/product_tag?post=604"}],"curies":[{"name":"wp","href":"https:\/\/api.w.org\/{rel}","templated":true}]}}