{"id":617,"date":"2022-12-02T00:01:36","date_gmt":"2022-12-02T00:01:36","guid":{"rendered":"https:\/\/masobebooks.com\/ng\/?post_type=product&#038;p=617"},"modified":"2026-04-09T07:56:06","modified_gmt":"2026-04-09T07:56:06","slug":"sanya","status":"publish","type":"product","link":"https:\/\/masobebooks.com\/ng\/book\/sanya\/","title":{"rendered":"S\u00e0ny\u00e0"},"content":{"rendered":"<p><span data-sheets-root=\"1\" data-sheets-value=\"{&quot;1&quot;:2,&quot;2&quot;:&quot;S\u00e0ny\u00e0 always felt different. And everyone that knew her\u2014the people in the village she grew up in, her beloved brother, Dada, her Aunt Abike, and even her parents before she was born\u2014knew that there was something special about her, too. After an unspeakable tragedy causes her to leave home and grow up too soon, she is devastated to find that her incredible powers are linked to a future which she must fight, even at the cost of her very soul. She begins life anew, hoping that the dark prophesy would somehow rewrite itself. Soon, however, her carefully crafted life and identity becomes the catalyst for a deadly war that will tear her family apart, and doom everything she holds dear. \\n\\nOyin Olugbile\u2019s masterful debut tells the story of dangerous love\u2014lost, found, and lost again\u2014all against the backdrop of a fantastical, enthralling empire that holds even the \u00d2r\u00ecs\u00e0 themselves spellbound.&quot;}\" data-sheets-userformat=\"{&quot;2&quot;:13185,&quot;3&quot;:{&quot;1&quot;:0},&quot;10&quot;:0,&quot;11&quot;:4,&quot;12&quot;:0,&quot;15&quot;:&quot;Google Sans&quot;,&quot;16&quot;:11}\">S\u00e0ny\u00e0 always felt different. And everyone that knew her\u2014the people in the village she grew up in, her beloved brother, Dada, her Aunt Abike, and even her parents before she was born\u2014knew that there was something special about her, too. After an unspeakable tragedy causes her to leave home and grow up too soon, she is devastated to find that her incredible powers are linked to a future which she must fight, even at the cost of her very soul. She begins life anew, hoping that the dark prophesy would somehow rewrite itself. Soon, however, her carefully crafted life and identity becomes the catalyst for a deadly war that will tear her family apart, and doom everything she holds dear.<\/span><\/p>\n<p>Oyin Olugbile\u2019s masterful debut tells the story of dangerous love\u2014lost, found, and lost again\u2014all against the backdrop of a fantastical, enthralling empire that holds even the \u00d2r\u00ecs\u00e0 themselves spellbound.<\/p>\n","protected":false},"excerpt":{"rendered":"<p><span data-sheets-root=\"1\" data-sheets-value=\"{&quot;1&quot;:2,&quot;2&quot;:&quot;S\u00e0ny\u00e0 always felt different. And everyone that knew her\u2014the people in the village she grew up in, her beloved brother, Dada, her Aunt Abike, and even her parents before she was born\u2014knew that there was something special about her, too. After an unspeakable tragedy causes her to leave home and grow up too soon, she is devastated to find that her incredible powers are linked to a future which she must fight, even at the cost of her very soul. She begins life anew, hoping that the dark prophesy would somehow rewrite itself. Soon, however, her carefully crafted life and identity becomes the catalyst for a deadly war that will tear her family apart, and doom everything she holds dear. \\n\\nOyin Olugbile\u2019s masterful debut tells the story of dangerous love\u2014lost, found, and lost again\u2014all against the backdrop of a fantastical, enthralling empire that holds even the \u00d2r\u00ecs\u00e0 themselves spellbound.&quot;}\" data-sheets-userformat=\"{&quot;2&quot;:13185,&quot;3&quot;:{&quot;1&quot;:0},&quot;10&quot;:0,&quot;11&quot;:4,&quot;12&quot;:0,&quot;15&quot;:&quot;Google Sans&quot;,&quot;16&quot;:11}\">S\u00e0ny\u00e0 always felt different. And everyone that knew her\u2014the people in the village she grew up in, her beloved brother, Dada, her Aunt Abike, and even her parents before she was born\u2014knew that there was something special about her, too. After an unspeakable tragedy causes her to leave home and grow up too soon, she is devastated to find that her incredible powers are linked to a future which she must fight, even at the cost of her very soul. She begins life anew, hoping that the dark prophesy would somehow rewrite itself. Soon, however, her carefully crafted life and identity becomes the catalyst for a deadly war that will tear her family apart, and doom everything she holds dear.<\/span><\/p>\n<p>Oyin Olugbile\u2019s masterful debut tells the story of dangerous love\u2014lost, found, and lost again\u2014all against the backdrop of a fantastical, enthralling empire that holds even the \u00d2r\u00ecs\u00e0 themselves spellbound.<\/p>\n","protected":false},"featured_media":618,"comment_status":"open","ping_status":"closed","template":"","meta":{"_acf_changed":false,"inline_featured_image":false},"retailer":[],"product_brand":[],"product_cat":[332,350],"product_tag":[172,245,257,258,259,174],"class_list":{"0":"post-617","1":"product","2":"type-product","3":"status-publish","4":"has-post-thumbnail","6":"product_cat-award-winning-books","7":"product_cat-fantasy-fiction","8":"product_tag-fantasy","9":"product_tag-historical-fiction","10":"product_tag-magical-realism","11":"product_tag-orisa","12":"product_tag-oyin-olugbile","13":"product_tag-yoruba-mythology","14":"thb-post-share-style1","16":"first","17":"instock","18":"taxable","19":"shipping-taxable","20":"purchasable","21":"product-type-variable"},"acf":[],"yoast_head":"<!-- This site is optimized with the Yoast SEO Premium plugin v23.1 (Yoast SEO v26.1) - https:\/\/yoast.com\/wordpress\/plugins\/seo\/ -->\n<title>S\u00e0ny\u00e0 - Masobe Books<\/title>\n<meta name=\"robots\" content=\"index, follow, max-snippet:-1, max-image-preview:large, max-video-preview:-1\" \/>\n<link rel=\"canonical\" href=\"https:\/\/masobebooks.com\/ng\/book\/sanya\/\" \/>\n<meta property=\"og:locale\" content=\"en_US\" \/>\n<meta property=\"og:type\" content=\"article\" \/>\n<meta property=\"og:title\" content=\"S\u00e0ny\u00e0\" \/>\n<meta property=\"og:description\" content=\"S\u00e0ny\u00e0 always felt different. And everyone that knew her\u2014the people in the village she grew up in, her beloved brother, Dada, her Aunt Abike, and even her parents before she was born\u2014knew that there was something special about her, too. After an unspeakable tragedy causes her to leave home and grow up too soon, she is devastated to find that her incredible powers are linked to a future which she must fight, even at the cost of her very soul. She begins life anew, hoping that the dark prophesy would somehow rewrite itself. Soon, however, her carefully crafted life and identity becomes the catalyst for a deadly war that will tear her family apart, and doom everything she holds dear.  Oyin Olugbile\u2019s masterful debut tells the story of dangerous love\u2014lost, found, and lost again\u2014all against the backdrop of a fantastical, enthralling empire that holds even the \u00d2r\u00ecs\u00e0 themselves spellbound.\" \/>\n<meta property=\"og:url\" content=\"https:\/\/masobebooks.com\/ng\/book\/sanya\/\" \/>\n<meta property=\"og:site_name\" content=\"Masobe Books\" \/>\n<meta property=\"article:publisher\" content=\"https:\/\/www.facebook.com\/masobebooks\/\" \/>\n<meta property=\"article:modified_time\" content=\"2026-04-09T07:56:06+00:00\" \/>\n<meta property=\"og:image\" content=\"https:\/\/masobebooks.com\/ng\/wp-content\/uploads\/2024\/05\/Sanya.png\" \/>\n\t<meta property=\"og:image:width\" content=\"1281\" \/>\n\t<meta property=\"og:image:height\" content=\"1917\" \/>\n\t<meta property=\"og:image:type\" content=\"image\/png\" \/>\n<meta name=\"twitter:card\" content=\"summary_large_image\" \/>\n<meta name=\"twitter:site\" content=\"@masobebooks\" \/>\n<meta name=\"twitter:label1\" content=\"Est. reading time\" \/>\n\t<meta name=\"twitter:data1\" content=\"1 minute\" \/>\n<script type=\"application\/ld+json\" class=\"yoast-schema-graph\">{\"@context\":\"https:\/\/schema.org\",\"@graph\":[{\"@type\":\"WebPage\",\"@id\":\"https:\/\/masobebooks.com\/ng\/book\/sanya\/\",\"url\":\"https:\/\/masobebooks.com\/ng\/book\/sanya\/\",\"name\":\"S\u00e0ny\u00e0 - Masobe Books\",\"isPartOf\":{\"@id\":\"https:\/\/masobebooks.com\/ng\/#website\"},\"primaryImageOfPage\":{\"@id\":\"https:\/\/masobebooks.com\/ng\/book\/sanya\/#primaryimage\"},\"image\":{\"@id\":\"https:\/\/masobebooks.com\/ng\/book\/sanya\/#primaryimage\"},\"thumbnailUrl\":\"https:\/\/masobebooks.com\/ng\/wp-content\/uploads\/2024\/05\/Sanya.png\",\"datePublished\":\"2022-12-02T00:01:36+00:00\",\"dateModified\":\"2026-04-09T07:56:06+00:00\",\"breadcrumb\":{\"@id\":\"https:\/\/masobebooks.com\/ng\/book\/sanya\/#breadcrumb\"},\"inLanguage\":\"en-US\",\"potentialAction\":[{\"@type\":\"ReadAction\",\"target\":[\"https:\/\/masobebooks.com\/ng\/book\/sanya\/\"]}]},{\"@type\":\"ImageObject\",\"inLanguage\":\"en-US\",\"@id\":\"https:\/\/masobebooks.com\/ng\/book\/sanya\/#primaryimage\",\"url\":\"https:\/\/masobebooks.com\/ng\/wp-content\/uploads\/2024\/05\/Sanya.png\",\"contentUrl\":\"https:\/\/masobebooks.com\/ng\/wp-content\/uploads\/2024\/05\/Sanya.png\",\"width\":1281,\"height\":1917},{\"@type\":\"BreadcrumbList\",\"@id\":\"https:\/\/masobebooks.com\/ng\/book\/sanya\/#breadcrumb\",\"itemListElement\":[{\"@type\":\"ListItem\",\"position\":1,\"name\":\"Home\",\"item\":\"https:\/\/masobebooks.com\/ng\/\"},{\"@type\":\"ListItem\",\"position\":2,\"name\":\"Bookstore\",\"item\":\"https:\/\/masobebooks.com\/ng\/bookstore\/\"},{\"@type\":\"ListItem\",\"position\":3,\"name\":\"S\u00e0ny\u00e0\"}]},{\"@type\":\"WebSite\",\"@id\":\"https:\/\/masobebooks.com\/ng\/#website\",\"url\":\"https:\/\/masobebooks.com\/ng\/\",\"name\":\"Masobe Books\",\"description\":\"Let Us Read\",\"publisher\":{\"@id\":\"https:\/\/masobebooks.com\/ng\/#organization\"},\"potentialAction\":[{\"@type\":\"SearchAction\",\"target\":{\"@type\":\"EntryPoint\",\"urlTemplate\":\"https:\/\/masobebooks.com\/ng\/?s={search_term_string}\"},\"query-input\":{\"@type\":\"PropertyValueSpecification\",\"valueRequired\":true,\"valueName\":\"search_term_string\"}}],\"inLanguage\":\"en-US\"},{\"@type\":\"Organization\",\"@id\":\"https:\/\/masobebooks.com\/ng\/#organization\",\"name\":\"Masobe Books\",\"url\":\"https:\/\/masobebooks.com\/ng\/\",\"logo\":{\"@type\":\"ImageObject\",\"inLanguage\":\"en-US\",\"@id\":\"https:\/\/masobebooks.com\/ng\/#\/schema\/logo\/image\/\",\"url\":\"https:\/\/masobebooks.com\/ng\/wp-content\/uploads\/2024\/07\/masobe_logo_green.svg\",\"contentUrl\":\"https:\/\/masobebooks.com\/ng\/wp-content\/uploads\/2024\/07\/masobe_logo_green.svg\",\"width\":729,\"height\":217,\"caption\":\"Masobe Books\"},\"image\":{\"@id\":\"https:\/\/masobebooks.com\/ng\/#\/schema\/logo\/image\/\"},\"sameAs\":[\"https:\/\/www.facebook.com\/masobebooks\/\",\"https:\/\/x.com\/masobebooks\",\"https:\/\/www.instagram.com\/masobebooksng\/\",\"https:\/\/www.linkedin.com\/in\/masobe-books-840046187\/\"]}]}<\/script>\n<!-- \/ Yoast SEO Premium plugin. -->","yoast_head_json":{"title":"S\u00e0ny\u00e0 - Masobe Books","robots":{"index":"index","follow":"follow","max-snippet":"max-snippet:-1","max-image-preview":"max-image-preview:large","max-video-preview":"max-video-preview:-1"},"canonical":"https:\/\/masobebooks.com\/ng\/book\/sanya\/","og_locale":"en_US","og_type":"article","og_title":"S\u00e0ny\u00e0","og_description":"S\u00e0ny\u00e0 always felt different. And everyone that knew her\u2014the people in the village she grew up in, her beloved brother, Dada, her Aunt Abike, and even her parents before she was born\u2014knew that there was something special about her, too. After an unspeakable tragedy causes her to leave home and grow up too soon, she is devastated to find that her incredible powers are linked to a future which she must fight, even at the cost of her very soul. She begins life anew, hoping that the dark prophesy would somehow rewrite itself. Soon, however, her carefully crafted life and identity becomes the catalyst for a deadly war that will tear her family apart, and doom everything she holds dear.  Oyin Olugbile\u2019s masterful debut tells the story of dangerous love\u2014lost, found, and lost again\u2014all against the backdrop of a fantastical, enthralling empire that holds even the \u00d2r\u00ecs\u00e0 themselves spellbound.","og_url":"https:\/\/masobebooks.com\/ng\/book\/sanya\/","og_site_name":"Masobe Books","article_publisher":"https:\/\/www.facebook.com\/masobebooks\/","article_modified_time":"2026-04-09T07:56:06+00:00","og_image":[{"width":1281,"height":1917,"url":"https:\/\/masobebooks.com\/ng\/wp-content\/uploads\/2024\/05\/Sanya.png","type":"image\/png"}],"twitter_card":"summary_large_image","twitter_site":"@masobebooks","twitter_misc":{"Est. reading time":"1 minute"},"schema":{"@context":"https:\/\/schema.org","@graph":[{"@type":"WebPage","@id":"https:\/\/masobebooks.com\/ng\/book\/sanya\/","url":"https:\/\/masobebooks.com\/ng\/book\/sanya\/","name":"S\u00e0ny\u00e0 - Masobe Books","isPartOf":{"@id":"https:\/\/masobebooks.com\/ng\/#website"},"primaryImageOfPage":{"@id":"https:\/\/masobebooks.com\/ng\/book\/sanya\/#primaryimage"},"image":{"@id":"https:\/\/masobebooks.com\/ng\/book\/sanya\/#primaryimage"},"thumbnailUrl":"https:\/\/masobebooks.com\/ng\/wp-content\/uploads\/2024\/05\/Sanya.png","datePublished":"2022-12-02T00:01:36+00:00","dateModified":"2026-04-09T07:56:06+00:00","breadcrumb":{"@id":"https:\/\/masobebooks.com\/ng\/book\/sanya\/#breadcrumb"},"inLanguage":"en-US","potentialAction":[{"@type":"ReadAction","target":["https:\/\/masobebooks.com\/ng\/book\/sanya\/"]}]},{"@type":"ImageObject","inLanguage":"en-US","@id":"https:\/\/masobebooks.com\/ng\/book\/sanya\/#primaryimage","url":"https:\/\/masobebooks.com\/ng\/wp-content\/uploads\/2024\/05\/Sanya.png","contentUrl":"https:\/\/masobebooks.com\/ng\/wp-content\/uploads\/2024\/05\/Sanya.png","width":1281,"height":1917},{"@type":"BreadcrumbList","@id":"https:\/\/masobebooks.com\/ng\/book\/sanya\/#breadcrumb","itemListElement":[{"@type":"ListItem","position":1,"name":"Home","item":"https:\/\/masobebooks.com\/ng\/"},{"@type":"ListItem","position":2,"name":"Bookstore","item":"https:\/\/masobebooks.com\/ng\/bookstore\/"},{"@type":"ListItem","position":3,"name":"S\u00e0ny\u00e0"}]},{"@type":"WebSite","@id":"https:\/\/masobebooks.com\/ng\/#website","url":"https:\/\/masobebooks.com\/ng\/","name":"Masobe Books","description":"Let Us Read","publisher":{"@id":"https:\/\/masobebooks.com\/ng\/#organization"},"potentialAction":[{"@type":"SearchAction","target":{"@type":"EntryPoint","urlTemplate":"https:\/\/masobebooks.com\/ng\/?s={search_term_string}"},"query-input":{"@type":"PropertyValueSpecification","valueRequired":true,"valueName":"search_term_string"}}],"inLanguage":"en-US"},{"@type":"Organization","@id":"https:\/\/masobebooks.com\/ng\/#organization","name":"Masobe Books","url":"https:\/\/masobebooks.com\/ng\/","logo":{"@type":"ImageObject","inLanguage":"en-US","@id":"https:\/\/masobebooks.com\/ng\/#\/schema\/logo\/image\/","url":"https:\/\/masobebooks.com\/ng\/wp-content\/uploads\/2024\/07\/masobe_logo_green.svg","contentUrl":"https:\/\/masobebooks.com\/ng\/wp-content\/uploads\/2024\/07\/masobe_logo_green.svg","width":729,"height":217,"caption":"Masobe Books"},"image":{"@id":"https:\/\/masobebooks.com\/ng\/#\/schema\/logo\/image\/"},"sameAs":["https:\/\/www.facebook.com\/masobebooks\/","https:\/\/x.com\/masobebooks","https:\/\/www.instagram.com\/masobebooksng\/","https:\/\/www.linkedin.com\/in\/masobe-books-840046187\/"]}]}},"_links":{"self":[{"href":"https:\/\/masobebooks.com\/ng\/wp-json\/wp\/v2\/product\/617","targetHints":{"allow":["GET"]}}],"collection":[{"href":"https:\/\/masobebooks.com\/ng\/wp-json\/wp\/v2\/product"}],"about":[{"href":"https:\/\/masobebooks.com\/ng\/wp-json\/wp\/v2\/types\/product"}],"replies":[{"embeddable":true,"href":"https:\/\/masobebooks.com\/ng\/wp-json\/wp\/v2\/comments?post=617"}],"wp:featuredmedia":[{"embeddable":true,"href":"https:\/\/masobebooks.com\/ng\/wp-json\/wp\/v2\/media\/618"}],"wp:attachment":[{"href":"https:\/\/masobebooks.com\/ng\/wp-json\/wp\/v2\/media?parent=617"}],"wp:term":[{"taxonomy":"retailer","embeddable":true,"href":"https:\/\/masobebooks.com\/ng\/wp-json\/wp\/v2\/retailer?post=617"},{"taxonomy":"product_brand","embeddable":true,"href":"https:\/\/masobebooks.com\/ng\/wp-json\/wp\/v2\/product_brand?post=617"},{"taxonomy":"product_cat","embeddable":true,"href":"https:\/\/masobebooks.com\/ng\/wp-json\/wp\/v2\/product_cat?post=617"},{"taxonomy":"product_tag","embeddable":true,"href":"https:\/\/masobebooks.com\/ng\/wp-json\/wp\/v2\/product_tag?post=617"}],"curies":[{"name":"wp","href":"https:\/\/api.w.org\/{rel}","templated":true}]}}