{"id":6221,"date":"2026-03-18T00:01:21","date_gmt":"2026-03-18T00:01:21","guid":{"rendered":"https:\/\/masobebooks.com\/ng\/?post_type=product&#038;p=6221"},"modified":"2026-02-08T23:25:46","modified_gmt":"2026-02-08T23:25:46","slug":"the-years-of-blood","status":"publish","type":"product","link":"https:\/\/masobebooks.com\/ng\/book\/the-years-of-blood\/","title":{"rendered":"The Years Of Blood"},"content":{"rendered":"<p><i><span style=\"font-weight: 400;\">The Years of Blood<\/span><\/i><span style=\"font-weight: 400;\">\u00a0walks back through the streets of Ibadan between 1998 and the present, where children vanish between football games and evening prayers, where shrines bloom in uncompleted buildings and mothers learn to live with doors that open onto absence. This collection is a communal narrative rendered in the fractured syntax of survival, where money rituals (O\u00f2g\u00f9n ow\u00f3), ritual killings, and child abductions are a National lived reality.\u00a0<\/span><\/p>\n<p><span style=\"font-weight: 400;\">These poems braid reportage and dream, Yor\u00f9b\u00e1 ritual and Christian and Muslim prayer, into a haunted language of survival. In long sequences of shattered sonnets with inverted meters, Adedayo Agarau finally breaks the silence on decade-long forced disappearances, anxiety, inheritance, and faith.\u00a0<\/span><\/p>\n<p><span style=\"font-weight: 400;\">Fierce, tender, and unflinching,\u00a0<\/span><i><span style=\"font-weight: 400;\">The Years of Blood<\/span><\/i><span style=\"font-weight: 400;\">\u00a0is both an elegy for a generation and a litany of small, defiant mercies.<\/span><\/p>\n","protected":false},"excerpt":{"rendered":"<p>The Years of Blood\u00a0walks back through the streets of Ibadan between 1998 and the present, where children vanish between football games and evening prayers, where shrines bloom in uncompleted buildings and mothers learn to live with doors that open onto absence. This collection is a communal narrative rendered in the fractured syntax of survival, where&hellip;<\/p>\n","protected":false},"featured_media":6227,"comment_status":"open","ping_status":"closed","template":"","meta":{"_acf_changed":false,"inline_featured_image":false},"retailer":[],"product_brand":[],"product_cat":[346],"product_tag":[574,224],"class_list":{"0":"post-6221","1":"product","2":"type-product","3":"status-publish","4":"has-post-thumbnail","6":"product_cat-poetry","7":"product_tag-adedayo-agarau","8":"product_tag-poetry","9":"thb-post-share-style1","11":"first","12":"instock","13":"taxable","14":"shipping-taxable","15":"purchasable","16":"product-type-variable"},"acf":[],"yoast_head":"<!-- This site is optimized with the Yoast SEO Premium plugin v23.1 (Yoast SEO v26.1) - https:\/\/yoast.com\/wordpress\/plugins\/seo\/ -->\n<title>The Years Of Blood - Masobe Books<\/title>\n<meta name=\"robots\" content=\"index, follow, max-snippet:-1, max-image-preview:large, max-video-preview:-1\" \/>\n<link rel=\"canonical\" href=\"https:\/\/masobebooks.com\/ng\/book\/the-years-of-blood\/\" \/>\n<meta property=\"og:locale\" content=\"en_US\" \/>\n<meta property=\"og:type\" content=\"article\" \/>\n<meta property=\"og:title\" content=\"The Years Of Blood\" \/>\n<meta property=\"og:description\" content=\"The Years of Blood\u00a0walks back through the streets of Ibadan between 1998 and the present, where children vanish between football games and evening prayers, where shrines bloom in uncompleted buildings and mothers learn to live with doors that open onto absence. This collection is a communal narrative rendered in the fractured syntax of survival, where&hellip;\" \/>\n<meta property=\"og:url\" content=\"https:\/\/masobebooks.com\/ng\/book\/the-years-of-blood\/\" \/>\n<meta property=\"og:site_name\" content=\"Masobe Books\" \/>\n<meta property=\"article:publisher\" content=\"https:\/\/www.facebook.com\/masobebooks\/\" \/>\n<meta property=\"og:image\" content=\"https:\/\/masobebooks.com\/ng\/wp-content\/uploads\/2026\/02\/2D_web-685x1024.png\" \/>\n\t<meta property=\"og:image:width\" content=\"685\" \/>\n\t<meta property=\"og:image:height\" content=\"1024\" \/>\n\t<meta property=\"og:image:type\" content=\"image\/png\" \/>\n<meta name=\"twitter:card\" content=\"summary_large_image\" \/>\n<meta name=\"twitter:site\" content=\"@masobebooks\" \/>\n<meta name=\"twitter:label1\" content=\"Est. reading time\" \/>\n\t<meta name=\"twitter:data1\" content=\"1 minute\" \/>\n<script type=\"application\/ld+json\" class=\"yoast-schema-graph\">{\"@context\":\"https:\/\/schema.org\",\"@graph\":[{\"@type\":\"WebPage\",\"@id\":\"https:\/\/masobebooks.com\/ng\/book\/the-years-of-blood\/\",\"url\":\"https:\/\/masobebooks.com\/ng\/book\/the-years-of-blood\/\",\"name\":\"The Years Of Blood - Masobe Books\",\"isPartOf\":{\"@id\":\"https:\/\/masobebooks.com\/ng\/#website\"},\"primaryImageOfPage\":{\"@id\":\"https:\/\/masobebooks.com\/ng\/book\/the-years-of-blood\/#primaryimage\"},\"image\":{\"@id\":\"https:\/\/masobebooks.com\/ng\/book\/the-years-of-blood\/#primaryimage\"},\"thumbnailUrl\":\"https:\/\/masobebooks.com\/ng\/wp-content\/uploads\/2026\/02\/2D_web.png\",\"datePublished\":\"2026-03-18T00:01:21+00:00\",\"breadcrumb\":{\"@id\":\"https:\/\/masobebooks.com\/ng\/book\/the-years-of-blood\/#breadcrumb\"},\"inLanguage\":\"en-US\",\"potentialAction\":[{\"@type\":\"ReadAction\",\"target\":[\"https:\/\/masobebooks.com\/ng\/book\/the-years-of-blood\/\"]}]},{\"@type\":\"ImageObject\",\"inLanguage\":\"en-US\",\"@id\":\"https:\/\/masobebooks.com\/ng\/book\/the-years-of-blood\/#primaryimage\",\"url\":\"https:\/\/masobebooks.com\/ng\/wp-content\/uploads\/2026\/02\/2D_web.png\",\"contentUrl\":\"https:\/\/masobebooks.com\/ng\/wp-content\/uploads\/2026\/02\/2D_web.png\",\"width\":1281,\"height\":1916},{\"@type\":\"BreadcrumbList\",\"@id\":\"https:\/\/masobebooks.com\/ng\/book\/the-years-of-blood\/#breadcrumb\",\"itemListElement\":[{\"@type\":\"ListItem\",\"position\":1,\"name\":\"Home\",\"item\":\"https:\/\/masobebooks.com\/ng\/\"},{\"@type\":\"ListItem\",\"position\":2,\"name\":\"Bookstore\",\"item\":\"https:\/\/masobebooks.com\/ng\/bookstore\/\"},{\"@type\":\"ListItem\",\"position\":3,\"name\":\"The Years Of Blood\"}]},{\"@type\":\"WebSite\",\"@id\":\"https:\/\/masobebooks.com\/ng\/#website\",\"url\":\"https:\/\/masobebooks.com\/ng\/\",\"name\":\"Masobe Books\",\"description\":\"Let Us Read\",\"publisher\":{\"@id\":\"https:\/\/masobebooks.com\/ng\/#organization\"},\"potentialAction\":[{\"@type\":\"SearchAction\",\"target\":{\"@type\":\"EntryPoint\",\"urlTemplate\":\"https:\/\/masobebooks.com\/ng\/?s={search_term_string}\"},\"query-input\":{\"@type\":\"PropertyValueSpecification\",\"valueRequired\":true,\"valueName\":\"search_term_string\"}}],\"inLanguage\":\"en-US\"},{\"@type\":\"Organization\",\"@id\":\"https:\/\/masobebooks.com\/ng\/#organization\",\"name\":\"Masobe Books\",\"url\":\"https:\/\/masobebooks.com\/ng\/\",\"logo\":{\"@type\":\"ImageObject\",\"inLanguage\":\"en-US\",\"@id\":\"https:\/\/masobebooks.com\/ng\/#\/schema\/logo\/image\/\",\"url\":\"https:\/\/masobebooks.com\/ng\/wp-content\/uploads\/2024\/07\/masobe_logo_green.svg\",\"contentUrl\":\"https:\/\/masobebooks.com\/ng\/wp-content\/uploads\/2024\/07\/masobe_logo_green.svg\",\"width\":729,\"height\":217,\"caption\":\"Masobe Books\"},\"image\":{\"@id\":\"https:\/\/masobebooks.com\/ng\/#\/schema\/logo\/image\/\"},\"sameAs\":[\"https:\/\/www.facebook.com\/masobebooks\/\",\"https:\/\/x.com\/masobebooks\",\"https:\/\/www.instagram.com\/masobebooksng\/\",\"https:\/\/www.linkedin.com\/in\/masobe-books-840046187\/\"]}]}<\/script>\n<!-- \/ Yoast SEO Premium plugin. -->","yoast_head_json":{"title":"The Years Of Blood - Masobe Books","robots":{"index":"index","follow":"follow","max-snippet":"max-snippet:-1","max-image-preview":"max-image-preview:large","max-video-preview":"max-video-preview:-1"},"canonical":"https:\/\/masobebooks.com\/ng\/book\/the-years-of-blood\/","og_locale":"en_US","og_type":"article","og_title":"The Years Of Blood","og_description":"The Years of Blood\u00a0walks back through the streets of Ibadan between 1998 and the present, where children vanish between football games and evening prayers, where shrines bloom in uncompleted buildings and mothers learn to live with doors that open onto absence. This collection is a communal narrative rendered in the fractured syntax of survival, where&hellip;","og_url":"https:\/\/masobebooks.com\/ng\/book\/the-years-of-blood\/","og_site_name":"Masobe Books","article_publisher":"https:\/\/www.facebook.com\/masobebooks\/","og_image":[{"width":685,"height":1024,"url":"https:\/\/masobebooks.com\/ng\/wp-content\/uploads\/2026\/02\/2D_web-685x1024.png","type":"image\/png"}],"twitter_card":"summary_large_image","twitter_site":"@masobebooks","twitter_misc":{"Est. reading time":"1 minute"},"schema":{"@context":"https:\/\/schema.org","@graph":[{"@type":"WebPage","@id":"https:\/\/masobebooks.com\/ng\/book\/the-years-of-blood\/","url":"https:\/\/masobebooks.com\/ng\/book\/the-years-of-blood\/","name":"The Years Of Blood - Masobe Books","isPartOf":{"@id":"https:\/\/masobebooks.com\/ng\/#website"},"primaryImageOfPage":{"@id":"https:\/\/masobebooks.com\/ng\/book\/the-years-of-blood\/#primaryimage"},"image":{"@id":"https:\/\/masobebooks.com\/ng\/book\/the-years-of-blood\/#primaryimage"},"thumbnailUrl":"https:\/\/masobebooks.com\/ng\/wp-content\/uploads\/2026\/02\/2D_web.png","datePublished":"2026-03-18T00:01:21+00:00","breadcrumb":{"@id":"https:\/\/masobebooks.com\/ng\/book\/the-years-of-blood\/#breadcrumb"},"inLanguage":"en-US","potentialAction":[{"@type":"ReadAction","target":["https:\/\/masobebooks.com\/ng\/book\/the-years-of-blood\/"]}]},{"@type":"ImageObject","inLanguage":"en-US","@id":"https:\/\/masobebooks.com\/ng\/book\/the-years-of-blood\/#primaryimage","url":"https:\/\/masobebooks.com\/ng\/wp-content\/uploads\/2026\/02\/2D_web.png","contentUrl":"https:\/\/masobebooks.com\/ng\/wp-content\/uploads\/2026\/02\/2D_web.png","width":1281,"height":1916},{"@type":"BreadcrumbList","@id":"https:\/\/masobebooks.com\/ng\/book\/the-years-of-blood\/#breadcrumb","itemListElement":[{"@type":"ListItem","position":1,"name":"Home","item":"https:\/\/masobebooks.com\/ng\/"},{"@type":"ListItem","position":2,"name":"Bookstore","item":"https:\/\/masobebooks.com\/ng\/bookstore\/"},{"@type":"ListItem","position":3,"name":"The Years Of Blood"}]},{"@type":"WebSite","@id":"https:\/\/masobebooks.com\/ng\/#website","url":"https:\/\/masobebooks.com\/ng\/","name":"Masobe Books","description":"Let Us Read","publisher":{"@id":"https:\/\/masobebooks.com\/ng\/#organization"},"potentialAction":[{"@type":"SearchAction","target":{"@type":"EntryPoint","urlTemplate":"https:\/\/masobebooks.com\/ng\/?s={search_term_string}"},"query-input":{"@type":"PropertyValueSpecification","valueRequired":true,"valueName":"search_term_string"}}],"inLanguage":"en-US"},{"@type":"Organization","@id":"https:\/\/masobebooks.com\/ng\/#organization","name":"Masobe Books","url":"https:\/\/masobebooks.com\/ng\/","logo":{"@type":"ImageObject","inLanguage":"en-US","@id":"https:\/\/masobebooks.com\/ng\/#\/schema\/logo\/image\/","url":"https:\/\/masobebooks.com\/ng\/wp-content\/uploads\/2024\/07\/masobe_logo_green.svg","contentUrl":"https:\/\/masobebooks.com\/ng\/wp-content\/uploads\/2024\/07\/masobe_logo_green.svg","width":729,"height":217,"caption":"Masobe Books"},"image":{"@id":"https:\/\/masobebooks.com\/ng\/#\/schema\/logo\/image\/"},"sameAs":["https:\/\/www.facebook.com\/masobebooks\/","https:\/\/x.com\/masobebooks","https:\/\/www.instagram.com\/masobebooksng\/","https:\/\/www.linkedin.com\/in\/masobe-books-840046187\/"]}]}},"_links":{"self":[{"href":"https:\/\/masobebooks.com\/ng\/wp-json\/wp\/v2\/product\/6221","targetHints":{"allow":["GET"]}}],"collection":[{"href":"https:\/\/masobebooks.com\/ng\/wp-json\/wp\/v2\/product"}],"about":[{"href":"https:\/\/masobebooks.com\/ng\/wp-json\/wp\/v2\/types\/product"}],"replies":[{"embeddable":true,"href":"https:\/\/masobebooks.com\/ng\/wp-json\/wp\/v2\/comments?post=6221"}],"wp:featuredmedia":[{"embeddable":true,"href":"https:\/\/masobebooks.com\/ng\/wp-json\/wp\/v2\/media\/6227"}],"wp:attachment":[{"href":"https:\/\/masobebooks.com\/ng\/wp-json\/wp\/v2\/media?parent=6221"}],"wp:term":[{"taxonomy":"retailer","embeddable":true,"href":"https:\/\/masobebooks.com\/ng\/wp-json\/wp\/v2\/retailer?post=6221"},{"taxonomy":"product_brand","embeddable":true,"href":"https:\/\/masobebooks.com\/ng\/wp-json\/wp\/v2\/product_brand?post=6221"},{"taxonomy":"product_cat","embeddable":true,"href":"https:\/\/masobebooks.com\/ng\/wp-json\/wp\/v2\/product_cat?post=6221"},{"taxonomy":"product_tag","embeddable":true,"href":"https:\/\/masobebooks.com\/ng\/wp-json\/wp\/v2\/product_tag?post=6221"}],"curies":[{"name":"wp","href":"https:\/\/api.w.org\/{rel}","templated":true}]}}